{"id":5692,"date":"2020-07-24T00:24:23","date_gmt":"2020-07-24T03:24:23","guid":{"rendered":"http:\/\/sonhosdeninarmoveis.com.br\/?post_type=product&#038;p=5692"},"modified":"2021-10-07T13:05:31","modified_gmt":"2021-10-07T16:05:31","slug":"prateleira-cabideiro-nuvem-branca","status":"publish","type":"product","link":"https:\/\/ninarmoveis.com.br\/?product=prateleira-cabideiro-nuvem-branca","title":{"rendered":"Prateleira Cabideiro Nuvem Branca"},"content":{"rendered":"<p><strong>Prateleira Cabideiro <\/strong><b>Nuvem<\/b><\/p>\n<p><strong>Dimens\u00f5es<\/strong><\/p>\n<ul>\n<li>Altura: 24 cm<\/li>\n<li>Largura: 50 cm<\/li>\n<li>Profundidade: 14 cm<\/li>\n<li><b>Caracter\u00edsticas<\/b><\/li>\n<li>Nuvem 9 mm de espessura<\/li>\n<li>Prateleira 18 mm<\/li>\n<li>Cor: Branca<\/li>\n<\/ul>\n<p>&nbsp;<\/p>\n","protected":false},"excerpt":{"rendered":"<p>Prateleira Nuvem com seu design moderno, voc\u00ea pode decorar o quarto das crian\u00e7as. Al\u00e9m de ser muito vers\u00e1til!! Venha escolher sua cor favorita!!!<\/p>\n","protected":false},"featured_media":5683,"comment_status":"open","ping_status":"closed","template":"","meta":[],"_links":{"self":[{"href":"https:\/\/ninarmoveis.com.br\/index.php?rest_route=\/wp\/v2\/product\/5692"}],"collection":[{"href":"https:\/\/ninarmoveis.com.br\/index.php?rest_route=\/wp\/v2\/product"}],"about":[{"href":"https:\/\/ninarmoveis.com.br\/index.php?rest_route=\/wp\/v2\/types\/product"}],"replies":[{"embeddable":true,"href":"https:\/\/ninarmoveis.com.br\/index.php?rest_route=%2Fwp%2Fv2%2Fcomments&post=5692"}],"wp:featuredmedia":[{"embeddable":true,"href":"https:\/\/ninarmoveis.com.br\/index.php?rest_route=\/wp\/v2\/media\/5683"}],"wp:attachment":[{"href":"https:\/\/ninarmoveis.com.br\/index.php?rest_route=%2Fwp%2Fv2%2Fmedia&parent=5692"}],"curies":[{"name":"wp","href":"https:\/\/api.w.org\/{rel}","templated":true}]}}