{"id":5777,"date":"2020-07-25T10:59:30","date_gmt":"2020-07-25T13:59:30","guid":{"rendered":"http:\/\/sonhosdeninarmoveis.com.br\/?post_type=product&#038;p=5777"},"modified":"2021-07-01T00:07:20","modified_gmt":"2021-07-01T03:07:20","slug":"roupeiro-evolution-3-portas-imbuia-rustico-branco","status":"publish","type":"product","link":"https:\/\/ninarmoveis.com.br\/?product=roupeiro-evolution-3-portas-imbuia-rustico-branco","title":{"rendered":"Roupeiro Evolution 3 portas Imbuia Rustico\/Branco"},"content":{"rendered":"<p><strong>Guarda-Roupa Evolution 3 pts<\/strong><\/p>\n<ul>\n<li><strong>Dimens\u00f5es<\/strong><\/li>\n<li>Largura: 135 cm<\/li>\n<li>Altura: 214 cm<\/li>\n<li>Profundidade: 47 cm<\/li>\n<li>Peso: 94,37 kg<\/li>\n<li><strong>Caracter\u00edsticas:<\/strong><\/li>\n<li>Material: Em 100% MDF de alta resist\u00eancia<\/li>\n<li>3 Portas<\/li>\n<li>5 Gavetas<\/li>\n<li>Divis\u00f5es internas amplas<\/li>\n<li>Cabideiro em alum\u00ednio<\/li>\n<li>Puxadores em PVC<\/li>\n<li>Acabamento UV semi Brilho<\/li>\n<li>Possui suporte para cabides em alum\u00ednio<\/li>\n<li>Peso m\u00e1ximo prateleiras 20 kg<\/li>\n<li>Peso m\u00e1ximo gavetas 10 kg<\/li>\n<li>Corredi\u00e7as Telesc\u00f3picas<\/li>\n<li>6 P\u00e9s pl\u00e1sticos<\/li>\n<li>Cor: Imbuia Rustico\/Branco<\/li>\n<\/ul>\n","protected":false},"excerpt":{"rendered":"<p>Idealizado para tornar o quarto do seu beb\u00ea aconchegante e funcional, excelente espa\u00e7o interno com maleiro, prateleiras amplas e espa\u00e7o multifuncional com cabideiros em alum\u00ednio. Para maior seguran\u00e7a as portas possuem desenhos com acr\u00edlicos fixados.<\/p>\n","protected":false},"featured_media":5762,"comment_status":"open","ping_status":"closed","template":"","meta":[],"_links":{"self":[{"href":"https:\/\/ninarmoveis.com.br\/index.php?rest_route=\/wp\/v2\/product\/5777"}],"collection":[{"href":"https:\/\/ninarmoveis.com.br\/index.php?rest_route=\/wp\/v2\/product"}],"about":[{"href":"https:\/\/ninarmoveis.com.br\/index.php?rest_route=\/wp\/v2\/types\/product"}],"replies":[{"embeddable":true,"href":"https:\/\/ninarmoveis.com.br\/index.php?rest_route=%2Fwp%2Fv2%2Fcomments&post=5777"}],"wp:featuredmedia":[{"embeddable":true,"href":"https:\/\/ninarmoveis.com.br\/index.php?rest_route=\/wp\/v2\/media\/5762"}],"wp:attachment":[{"href":"https:\/\/ninarmoveis.com.br\/index.php?rest_route=%2Fwp%2Fv2%2Fmedia&parent=5777"}],"curies":[{"name":"wp","href":"https:\/\/api.w.org\/{rel}","templated":true}]}}