{"id":5778,"date":"2020-07-25T11:01:07","date_gmt":"2020-07-25T14:01:07","guid":{"rendered":"http:\/\/sonhosdeninarmoveis.com.br\/?post_type=product&#038;p=5778"},"modified":"2021-05-05T18:57:15","modified_gmt":"2021-05-05T21:57:15","slug":"comoda-lunna-5-gavetas-imbuia-rustico","status":"publish","type":"product","link":"https:\/\/ninarmoveis.com.br\/?product=comoda-lunna-5-gavetas-imbuia-rustico","title":{"rendered":"Comoda Lunna Gaveteiro Imbuia Rustico"},"content":{"rendered":"<p><strong>Comoda Lunna<\/strong><\/p>\n<ul>\n<li>Largura: 92 Cm<\/li>\n<li>Altura: 96 cm<\/li>\n<li>Profundidade: 43 cm<\/li>\n<li>Peso: 34,1 kg<\/li>\n<li><strong>Caracter\u00edsticas:<\/strong><\/li>\n<li>Material: 100% MDF<\/li>\n<li>5 Gavetas com corredi\u00e7as met\u00e1licas<\/li>\n<li>Puxadores em PVC<\/li>\n<li>Acabamento pintura brilho<\/li>\n<li>Tampo com Bordas arredondadas<\/li>\n<li>Cor: Imbuia Rustico\/Branca<\/li>\n<\/ul>\n","protected":false},"excerpt":{"rendered":"<p>Seja como um\u00a0refor\u00e7o para o guarda-roupa\u00a0que n\u00e3o tem mais espa\u00e7o ou como um\u00a0complemento para o visual\u00a0do seu dormit\u00f3rio, a\u00a0C\u00f4moda Lunna\u00a0\u00e9 um show de bom gosto e praticidade. Com 5 gavetas para acomodar pe\u00e7as de todos os tamanhos, ela tem uma\u00a0estrutura robusta e cor s\u00f3bria que fazem toda a diferen\u00e7a na beleza do m\u00f3vel. Al\u00e9m disso, o tampo tem espa\u00e7o para apoiar itens decorativos, maquiagens, perfumes ou o que voc\u00ea precisar para tornar sua rotina mais pr\u00e1tica.<\/p>\n","protected":false},"featured_media":5775,"comment_status":"open","ping_status":"closed","template":"","meta":[],"_links":{"self":[{"href":"https:\/\/ninarmoveis.com.br\/index.php?rest_route=\/wp\/v2\/product\/5778"}],"collection":[{"href":"https:\/\/ninarmoveis.com.br\/index.php?rest_route=\/wp\/v2\/product"}],"about":[{"href":"https:\/\/ninarmoveis.com.br\/index.php?rest_route=\/wp\/v2\/types\/product"}],"replies":[{"embeddable":true,"href":"https:\/\/ninarmoveis.com.br\/index.php?rest_route=%2Fwp%2Fv2%2Fcomments&post=5778"}],"wp:featuredmedia":[{"embeddable":true,"href":"https:\/\/ninarmoveis.com.br\/index.php?rest_route=\/wp\/v2\/media\/5775"}],"wp:attachment":[{"href":"https:\/\/ninarmoveis.com.br\/index.php?rest_route=%2Fwp%2Fv2%2Fmedia&parent=5778"}],"curies":[{"name":"wp","href":"https:\/\/api.w.org\/{rel}","templated":true}]}}