{"id":5860,"date":"2020-07-27T11:59:13","date_gmt":"2020-07-27T14:59:13","guid":{"rendered":"http:\/\/sonhosdeninarmoveis.com.br\/?post_type=product&#038;p=5860"},"modified":"2021-05-07T12:43:24","modified_gmt":"2021-05-07T15:43:24","slug":"berco-cristal-mini-cama-imbuia-rustico-branco","status":"publish","type":"product","link":"https:\/\/ninarmoveis.com.br\/?product=berco-cristal-mini-cama-imbuia-rustico-branco","title":{"rendered":"Ber\u00e7o Cristal Mini Cama Imbuia Rustico\/Branco"},"content":{"rendered":"<p><strong>Ber\u00e7o Mini Cama Cristal<\/strong><\/p>\n<ul>\n<li>Altura: 127 cm<\/li>\n<li>Comprimento: 154 cm<\/li>\n<li>Profundidade: 75 cm<\/li>\n<li>Peso: 40,96 kg<\/li>\n<li><strong>Caracter\u00edsticas:<\/strong><\/li>\n<li>Material: Produzido em 100 % MDF de alta resist\u00eancia<\/li>\n<li>Certificado pelo INMETRO<\/li>\n<li>Transforma-se em mini cama<\/li>\n<li>Padr\u00e3o Americano<\/li>\n<li>3 Regulagens de altura do estrado<\/li>\n<li>Estrado em pinnus e MDF<\/li>\n<li>Grade Fixa<\/li>\n<li>4 Rod\u00edzios em PVC<\/li>\n<li>Acompanha suporte para mosquiteiro<\/li>\n<li>Acabamento em pintura verniz at\u00f3xica Brilho<\/li>\n<li>Superf\u00edcie\/bordas lisas e arredondadas<\/li>\n<li>Colch\u00e3o Recomendado: 130 cm x 70 cm x 12 cm(Densidade: D18)<\/li>\n<li>Cor: Imbuia rustico\/Branco<\/li>\n<\/ul>\n","protected":false},"excerpt":{"rendered":"<p>Imponente, com design moderno e com selo de seguran\u00e7a, o Ber\u00e7o Crystal foi idealizado para tornar os momentos de descanso do seu beb\u00ea seguros e confort\u00e1veis. \u00c9 produzido com pain\u00e9is e p\u00e9s em MDF, grades fixas em madeira com revestimento em PVC, estrado em madeira reflorestada e rod\u00edzio nos quatro p\u00e9s. Produto com duas op\u00e7\u00f5es de montagem, podendo ser Ber\u00e7o ou Mini Cama.<\/p>\n","protected":false},"featured_media":5861,"comment_status":"open","ping_status":"closed","template":"","meta":[],"_links":{"self":[{"href":"https:\/\/ninarmoveis.com.br\/index.php?rest_route=\/wp\/v2\/product\/5860"}],"collection":[{"href":"https:\/\/ninarmoveis.com.br\/index.php?rest_route=\/wp\/v2\/product"}],"about":[{"href":"https:\/\/ninarmoveis.com.br\/index.php?rest_route=\/wp\/v2\/types\/product"}],"replies":[{"embeddable":true,"href":"https:\/\/ninarmoveis.com.br\/index.php?rest_route=%2Fwp%2Fv2%2Fcomments&post=5860"}],"wp:featuredmedia":[{"embeddable":true,"href":"https:\/\/ninarmoveis.com.br\/index.php?rest_route=\/wp\/v2\/media\/5861"}],"wp:attachment":[{"href":"https:\/\/ninarmoveis.com.br\/index.php?rest_route=%2Fwp%2Fv2%2Fmedia&parent=5860"}],"curies":[{"name":"wp","href":"https:\/\/api.w.org\/{rel}","templated":true}]}}