{"id":5897,"date":"2020-07-27T13:42:56","date_gmt":"2020-07-27T16:42:56","guid":{"rendered":"http:\/\/sonhosdeninarmoveis.com.br\/?post_type=product&#038;p=5897"},"modified":"2021-06-18T18:40:11","modified_gmt":"2021-06-18T21:40:11","slug":"roupeiro-primore-4-portas-branco","status":"publish","type":"product","link":"https:\/\/ninarmoveis.com.br\/?product=roupeiro-primore-4-portas-branco","title":{"rendered":"Roupeiro Primore 4 portas Branco"},"content":{"rendered":"<p><strong>Guarda-Roupa Primore<\/strong><\/p>\n<ul>\n<li><strong>Dimens\u00f5es<\/strong><\/li>\n<li>Largura: 1,79 cm<\/li>\n<li>Altura: 220 cm<\/li>\n<li>Profundidade: 47 cm<\/li>\n<li>Peso: 120,05 kg<\/li>\n<\/ul>\n<p><strong>\u00a0 \u00a0 \u00a0 \u00a0 \u00a0Caracter\u00edsticas:<\/strong><\/p>\n<ul>\n<li>Material: Em 100% MDF de alta resist\u00eancia<\/li>\n<li>4 Portas<\/li>\n<li>5 Gavetas<\/li>\n<li>Divis\u00f5es internas amplas<\/li>\n<li>Cabideiro em alum\u00ednio<\/li>\n<li>Puxadores em PVC<\/li>\n<li>Acabamento UV semi Brilho<\/li>\n<li>Possui suporte para cabides em alum\u00ednio<\/li>\n<li>Peso m\u00e1ximo prateleiras 20 kg<\/li>\n<li>Peso m\u00e1ximo gavetas 10 kg<\/li>\n<li>Corredi\u00e7as Telesc\u00f3picas<\/li>\n<li>8 P\u00e9s pl\u00e1sticos<\/li>\n<li>Cor: Branco<\/li>\n<\/ul>\n","protected":false},"excerpt":{"rendered":"<p>Manter o quarto de uma crian\u00e7a arrumado \u00e9 dif\u00edcil, mas n\u00e3o imposs\u00edvel. Com o\u00a0<strong>Guarda-Roupa Primore<\/strong>, al\u00e9m do ambiente ganhar um toque de gra\u00e7a e alegria, tudo o que voc\u00ea e seu filho precisam no dia a dia ficar\u00e1 \u00e0 m\u00e3o e\u00a0<strong>perfeitamente organizado<\/strong>\u00a0em seus nichos, gavetas e cabideiro. O ambiente ficar\u00e1 t\u00e3o impec\u00e1vel que voc\u00ea vai pensar que entrou em uma p\u00e1gina de revista \ud83d\ude42<\/p>\n","protected":false},"featured_media":5900,"comment_status":"open","ping_status":"closed","template":"","meta":[],"_links":{"self":[{"href":"https:\/\/ninarmoveis.com.br\/index.php?rest_route=\/wp\/v2\/product\/5897"}],"collection":[{"href":"https:\/\/ninarmoveis.com.br\/index.php?rest_route=\/wp\/v2\/product"}],"about":[{"href":"https:\/\/ninarmoveis.com.br\/index.php?rest_route=\/wp\/v2\/types\/product"}],"replies":[{"embeddable":true,"href":"https:\/\/ninarmoveis.com.br\/index.php?rest_route=%2Fwp%2Fv2%2Fcomments&post=5897"}],"wp:featuredmedia":[{"embeddable":true,"href":"https:\/\/ninarmoveis.com.br\/index.php?rest_route=\/wp\/v2\/media\/5900"}],"wp:attachment":[{"href":"https:\/\/ninarmoveis.com.br\/index.php?rest_route=%2Fwp%2Fv2%2Fmedia&parent=5897"}],"curies":[{"name":"wp","href":"https:\/\/api.w.org\/{rel}","templated":true}]}}