{"id":5949,"date":"2020-07-27T18:08:00","date_gmt":"2020-07-27T21:08:00","guid":{"rendered":"http:\/\/sonhosdeninarmoveis.com.br\/?post_type=product&#038;p=5949"},"modified":"2022-03-05T16:12:13","modified_gmt":"2022-03-05T19:12:13","slug":"quarto-completo-p-bebe-evolution-4-pts-branco","status":"publish","type":"product","link":"https:\/\/ninarmoveis.com.br\/?product=quarto-completo-p-bebe-evolution-4-pts-branco","title":{"rendered":"Quarto Completo P\/ Beb\u00ea Evolution 4 pts Branco"},"content":{"rendered":"<p><strong>Guarda-Roupa Evolution 4 pts<\/strong><\/p>\n<ul>\n<li><strong>Dimens\u00f5es<\/strong><\/li>\n<li>Largura: 180 cm<\/li>\n<li>Altura: 200 cm<\/li>\n<li>Profundidade: 47 cm<\/li>\n<li>Peso: 120,5 kg<\/li>\n<\/ul>\n<p><strong>\u00a0 \u00a0 \u00a0 \u00a0 Caracter\u00edsticas:<\/strong><\/p>\n<ul>\n<li>Material: Em 100% MDF de alta resist\u00eancia<\/li>\n<li>4 Portas<\/li>\n<li>5 Gavetas<\/li>\n<li>7 Divis\u00f5es internas<\/li>\n<li>Cabideiro met\u00e1lico<\/li>\n<li>Puxadores em PVC<\/li>\n<li>Acabamento UV semi Brilho<\/li>\n<li>Possui suporte para cabides em alum\u00ednio<\/li>\n<li>Peso m\u00e1ximo prateleiras 20 kg<\/li>\n<li>Peso m\u00e1ximo gavetas 10 kg<\/li>\n<li>Corredi\u00e7as Telesc\u00f3picas<\/li>\n<li>8 P\u00e9s pl\u00e1sticos<\/li>\n<li>Cor: Branco<\/li>\n<\/ul>\n<p><strong>Comoda Evolution<\/strong><\/p>\n<ul>\n<li>Largura: 136 Cm<\/li>\n<li>Altura: 91,8 cm<\/li>\n<li>Profundidade: 43 cm<\/li>\n<li>Peso: 48,31 kg<\/li>\n<li><strong>Caracter\u00edsticas:<\/strong><\/li>\n<li>Material: 100% MDF<\/li>\n<li>5 Gavetas<\/li>\n<li>1 Porta com detalhes em acr\u00edlico<\/li>\n<li>1 Prateleira interna<\/li>\n<li>Puxadores em PVC<\/li>\n<li>Suporta at\u00e9 50 kg<\/li>\n<li>Acabamento pintura brilho<\/li>\n<li>Tampo com Bordas arredondadas<\/li>\n<li>Cor: Branco<\/li>\n<\/ul>\n<p><strong>Ber\u00e7o Mini Cama Cristal<\/strong><\/p>\n<ul>\n<li>Altura: 127 cm<\/li>\n<li>Comprimento: 154 cm<\/li>\n<li>Profundidade: 75 cm<\/li>\n<li>Peso: 40,96 kg<\/li>\n<li><strong>Caracter\u00edsticas:<\/strong><\/li>\n<li>Material: Produzido em 100 % MDF de alta resist\u00eancia<\/li>\n<li>Certificado pelo INMETRO<\/li>\n<li>Transforma-se em mini cama<\/li>\n<li>Padr\u00e3o Americano<\/li>\n<li>3 Regulagens de altura do estrado<\/li>\n<li>Estrado em pinnus e MDF<\/li>\n<li>Grade Fixa<\/li>\n<li>4 Rod\u00edzios em PVC<\/li>\n<li>Acompanha suporte para mosquiteiro<\/li>\n<li>Acabamento em pintura verniz at\u00f3xica Brilho<\/li>\n<li>Superf\u00edcie\/bordas lisas e arredondadas<\/li>\n<li>Colch\u00e3o Recomendado: 130 cm x 70 cm x 12 cm(Densidade: D18)<\/li>\n<li>Cor: Branco<\/li>\n<\/ul>\n","protected":false},"excerpt":{"rendered":"<p>Est\u00e1 pensando em montar o quartinho do seu beb\u00ea? Para facilitar sua escolha e fazer com que sua compra seja\u00a0mais f\u00e1cil e agrad\u00e1vel, criamos algumas id\u00e9ias de quartinhos completos.<br \/>\nQue tal esse conjunto com design cl\u00e1ssico\u00a0que remete um\u00a0ambiente aconchegante e encantador?!\u00a0Com o Guarda Roupa Evolution\u00a04\u00a0Portas, C\u00f4moda Evolution\u00a0com 5 espa\u00e7osas gavetas\u00a0e o Bercinho Mini Cama Crystal\u00a0com 2\u00a0op\u00e7\u00f5es de montagem (ber\u00e7o, mini cama), s\u00e3o 3 produtos que al\u00e9m de inovar na decora\u00e7\u00e3o do quartinho do seu filho, possuem divis\u00f5es e espa\u00e7os que possibilitam uma organiza\u00e7\u00e3o perfeita das roupinhas do seu beb\u00ea. Aproveite esse conjunto para ele ou ela, use sua imagina\u00e7\u00e3o e criatividade na hora decorar o quartinho do seu bem mais precioso<\/p>\n","protected":false},"featured_media":5950,"comment_status":"open","ping_status":"closed","template":"","meta":[],"_links":{"self":[{"href":"https:\/\/ninarmoveis.com.br\/index.php?rest_route=\/wp\/v2\/product\/5949"}],"collection":[{"href":"https:\/\/ninarmoveis.com.br\/index.php?rest_route=\/wp\/v2\/product"}],"about":[{"href":"https:\/\/ninarmoveis.com.br\/index.php?rest_route=\/wp\/v2\/types\/product"}],"replies":[{"embeddable":true,"href":"https:\/\/ninarmoveis.com.br\/index.php?rest_route=%2Fwp%2Fv2%2Fcomments&post=5949"}],"wp:featuredmedia":[{"embeddable":true,"href":"https:\/\/ninarmoveis.com.br\/index.php?rest_route=\/wp\/v2\/media\/5950"}],"wp:attachment":[{"href":"https:\/\/ninarmoveis.com.br\/index.php?rest_route=%2Fwp%2Fv2%2Fmedia&parent=5949"}],"curies":[{"name":"wp","href":"https:\/\/api.w.org\/{rel}","templated":true}]}}