{"id":6069,"date":"2020-07-30T11:07:38","date_gmt":"2020-07-30T14:07:38","guid":{"rendered":"http:\/\/sonhosdeninarmoveis.com.br\/?post_type=product&#038;p=6069"},"modified":"2021-05-05T18:50:27","modified_gmt":"2021-05-05T21:50:27","slug":"luminaria-anjo-com-aureola-natural","status":"publish","type":"product","link":"https:\/\/ninarmoveis.com.br\/?product=luminaria-anjo-com-aureola-natural","title":{"rendered":"Lumin\u00e1ria Anjo com Aureola Natural"},"content":{"rendered":"<p><strong>Lumin\u00e1ria Anjo<\/strong><\/p>\n<ul>\n<li><strong>Dimens\u00f5es<\/strong><\/li>\n<li>Largura: 20 cm<\/li>\n<li>Altura: 27 cm<\/li>\n<li>Profundidade: 14 cm<\/li>\n<li>Lampadas: Compactas fluorescentes at\u00e9 15W ou LED compat\u00edvel com abertura inferior da lumin\u00e1ria (l\u00e2mpadas n\u00e3o inclusas); (E-27)<\/li>\n<li>Material: Polietileno<\/li>\n<li>Tens\u00e3o: 110V\/220V<\/li>\n<li>Cabo de for\u00e7a: \u00a0Com interruptor medindo 1,8 m de comprimento<\/li>\n<li>Cuidados:\u2022\u00a0Limpar com pano \u00famido e macio<br \/>\n\u2022\u00a0Teme qu\u00edmicos e abrasivos<\/li>\n<li>Cor: Natural<\/li>\n<\/ul>\n","protected":false},"excerpt":{"rendered":"<p>A Lumin\u00e1ria Anjo com Aureola fica linda em todos os\u00a0ambiente. Ilumine com bom gosto a sua casa ou presenteie com muito estilo.<\/p>\n","protected":false},"featured_media":6070,"comment_status":"open","ping_status":"closed","template":"","meta":[],"_links":{"self":[{"href":"https:\/\/ninarmoveis.com.br\/index.php?rest_route=\/wp\/v2\/product\/6069"}],"collection":[{"href":"https:\/\/ninarmoveis.com.br\/index.php?rest_route=\/wp\/v2\/product"}],"about":[{"href":"https:\/\/ninarmoveis.com.br\/index.php?rest_route=\/wp\/v2\/types\/product"}],"replies":[{"embeddable":true,"href":"https:\/\/ninarmoveis.com.br\/index.php?rest_route=%2Fwp%2Fv2%2Fcomments&post=6069"}],"wp:featuredmedia":[{"embeddable":true,"href":"https:\/\/ninarmoveis.com.br\/index.php?rest_route=\/wp\/v2\/media\/6070"}],"wp:attachment":[{"href":"https:\/\/ninarmoveis.com.br\/index.php?rest_route=%2Fwp%2Fv2%2Fmedia&parent=6069"}],"curies":[{"name":"wp","href":"https:\/\/api.w.org\/{rel}","templated":true}]}}