{"id":6099,"date":"2020-07-30T12:00:02","date_gmt":"2020-07-30T15:00:02","guid":{"rendered":"http:\/\/sonhosdeninarmoveis.com.br\/?post_type=product&#038;p=6099"},"modified":"2021-08-04T11:32:18","modified_gmt":"2021-08-04T14:32:18","slug":"luminaria-estrela-pendente-natural-c-estrelas-brancas","status":"publish","type":"product","link":"https:\/\/ninarmoveis.com.br\/?product=luminaria-estrela-pendente-natural-c-estrelas-brancas","title":{"rendered":"Lumin\u00e1ria Estrela Pendente Natural c\/ Estrelas Brancas"},"content":{"rendered":"<p><strong>Lumin\u00e1ria Estrela pendente<\/strong><\/p>\n<ul>\n<li><strong>Dimens\u00f5es<\/strong><\/li>\n<li>Largura: 28,5 cm<\/li>\n<li>Altura: 27 cm<\/li>\n<li>Profundidade: 15,5 cm<\/li>\n<li>Lampadas: Compactas fluorescentes at\u00e9 15W ou LED compat\u00edvel com abertura inferior da lumin\u00e1ria (l\u00e2mpadas n\u00e3o inclusas); (E-27)<\/li>\n<li>Material: Polietileno<\/li>\n<li>Tens\u00e3o: 110V\/220V<\/li>\n<li>Cabo de for\u00e7a: \u00a0Com interruptor medindo 1,8 m de comprimento<\/li>\n<li>Cuidados: Limpar com pano \u00famido e macio<\/li>\n<li>\u00a0Teme qu\u00edmicos e abrasivos<\/li>\n<li>\n<div class=\"container detalhes-produto\">N\u00e3o utilizar l\u00e2mpadas incandescentes de qualquer tipo \u2022 Acompanha 4 pendentes de estrela<\/div>\n<\/li>\n<li>\n<div class=\"container detalhes-produto\">Acompanha 1 cartela de adesivos<\/div>\n<\/li>\n<li>\n<div class=\"container detalhes-produto\">Altura ajust\u00e1vel<\/div>\n<\/li>\n<li>\n<div class=\"container detalhes-produto\">Acompanha controle<\/div>\n<\/li>\n<li>\n<div class=\"container detalhes-produto\">Canopla de 12,5 cm<\/div>\n<section class=\"product-list-section\"><\/section>\n<\/li>\n<li>Cor: Natural<\/li>\n<\/ul>\n","protected":false},"excerpt":{"rendered":"<p>O pendente\u00a0estrela com m\u00f3bile LED acompanha uma cartela de adesivos para customizar, divirta-se mudando as express\u00f5es desta fofura. Muda de cor com o controle e bot\u00e3o liga e desliga.<\/p>\n","protected":false},"featured_media":6084,"comment_status":"open","ping_status":"closed","template":"","meta":[],"_links":{"self":[{"href":"https:\/\/ninarmoveis.com.br\/index.php?rest_route=\/wp\/v2\/product\/6099"}],"collection":[{"href":"https:\/\/ninarmoveis.com.br\/index.php?rest_route=\/wp\/v2\/product"}],"about":[{"href":"https:\/\/ninarmoveis.com.br\/index.php?rest_route=\/wp\/v2\/types\/product"}],"replies":[{"embeddable":true,"href":"https:\/\/ninarmoveis.com.br\/index.php?rest_route=%2Fwp%2Fv2%2Fcomments&post=6099"}],"wp:featuredmedia":[{"embeddable":true,"href":"https:\/\/ninarmoveis.com.br\/index.php?rest_route=\/wp\/v2\/media\/6084"}],"wp:attachment":[{"href":"https:\/\/ninarmoveis.com.br\/index.php?rest_route=%2Fwp%2Fv2%2Fmedia&parent=6099"}],"curies":[{"name":"wp","href":"https:\/\/api.w.org\/{rel}","templated":true}]}}