{"id":6102,"date":"2020-07-30T12:18:15","date_gmt":"2020-07-30T15:18:15","guid":{"rendered":"http:\/\/sonhosdeninarmoveis.com.br\/?post_type=product&#038;p=6102"},"modified":"2021-08-04T11:32:08","modified_gmt":"2021-08-04T14:32:08","slug":"luminaria-lua-azul","status":"publish","type":"product","link":"https:\/\/ninarmoveis.com.br\/?product=luminaria-lua-azul","title":{"rendered":"Lumin\u00e1ria Abajur Lua Azul"},"content":{"rendered":"<p><strong>Lumin\u00e1ria Lua<\/strong><\/p>\n<ul>\n<li><strong>Dimens\u00f5es<\/strong><\/li>\n<li>Largura: 20 cm<\/li>\n<li>Altura: 25,5 cm<\/li>\n<li>Profundidade: 14,1 cm<\/li>\n<li>Lampadas: Compactas fluorescentes at\u00e9 15W ou LED compat\u00edvel com abertura inferior da lumin\u00e1ria (l\u00e2mpadas n\u00e3o inclusas); (E-27)<\/li>\n<li>Material: Polietileno<\/li>\n<li>Tens\u00e3o: 110V\/220V<\/li>\n<li>Cabo de for\u00e7a: \u00a0Com interruptor medindo 1,8 m de comprimento<\/li>\n<li>Cuidados: Limpar com pano \u00famido e macio<\/li>\n<li>\u00a0Teme qu\u00edmicos e abrasivos<br \/>\n<section class=\"product-list-section\"><\/section>\n<\/li>\n<li>Cor: Azul<\/li>\n<\/ul>\n","protected":false},"excerpt":{"rendered":"<p>Fa\u00e7a sol ou chuva a lumin\u00e1ria Lua \u00e9 perfeita para seu ambiente, feita em polietileno ela agrada a toda as idades.<\/p>\n","protected":false},"featured_media":6085,"comment_status":"open","ping_status":"closed","template":"","meta":[],"_links":{"self":[{"href":"https:\/\/ninarmoveis.com.br\/index.php?rest_route=\/wp\/v2\/product\/6102"}],"collection":[{"href":"https:\/\/ninarmoveis.com.br\/index.php?rest_route=\/wp\/v2\/product"}],"about":[{"href":"https:\/\/ninarmoveis.com.br\/index.php?rest_route=\/wp\/v2\/types\/product"}],"replies":[{"embeddable":true,"href":"https:\/\/ninarmoveis.com.br\/index.php?rest_route=%2Fwp%2Fv2%2Fcomments&post=6102"}],"wp:featuredmedia":[{"embeddable":true,"href":"https:\/\/ninarmoveis.com.br\/index.php?rest_route=\/wp\/v2\/media\/6085"}],"wp:attachment":[{"href":"https:\/\/ninarmoveis.com.br\/index.php?rest_route=%2Fwp%2Fv2%2Fmedia&parent=6102"}],"curies":[{"name":"wp","href":"https:\/\/api.w.org\/{rel}","templated":true}]}}