{"id":6123,"date":"2020-07-30T12:35:36","date_gmt":"2020-07-30T15:35:36","guid":{"rendered":"http:\/\/sonhosdeninarmoveis.com.br\/?post_type=product&#038;p=6123"},"modified":"2021-08-04T15:40:45","modified_gmt":"2021-08-04T18:40:45","slug":"luminaria-abajur-miffy-natural","status":"publish","type":"product","link":"https:\/\/ninarmoveis.com.br\/?product=luminaria-abajur-miffy-natural","title":{"rendered":"Lumin\u00e1ria Abajur Miffy Natural"},"content":{"rendered":"<p><strong>Lumin\u00e1ria Miffy<\/strong><\/p>\n<ul>\n<li><strong>Dimens\u00f5es<\/strong><\/li>\n<li>Largura: 15 cm<\/li>\n<li>Altura: 30 cm<\/li>\n<li>Profundidade: 13,2 cm<\/li>\n<li>Lampadas: Compactas fluorescentes at\u00e9 15W ou LED compat\u00edvel com abertura inferior da lumin\u00e1ria (l\u00e2mpadas n\u00e3o inclusas); (E-27)<\/li>\n<li>Material: Polietileno<\/li>\n<li>Tens\u00e3o: 110V\/220V<\/li>\n<li>Cabo de for\u00e7a: \u00a0Com interruptor medindo 1,8 m de comprimento<\/li>\n<li>Cuidados: Limpar com pano \u00famido e macio<\/li>\n<li>\u00a0Teme qu\u00edmicos e abrasivos<br \/>\n<section class=\"product-list-section\"><\/section>\n<\/li>\n<li>\u00a0N\u00e3o utilizar l\u00e2mpadas incandescentes de qualquer tipo<\/li>\n<li>Cor: Branco\/Natural<\/li>\n<\/ul>\n","protected":false},"excerpt":{"rendered":"<p>Em parcerias com a \u00a9 Mercis BV e a Vertical Licensing, a miffy\u00ae chegou ao Brasil com um design minimalista e sofisticado. Esta lumin\u00e1ria \u00e9 perfeita para decorar ambientes contempor\u00e2neos, tanto para crian\u00e7as como para adultos.\u00a0Venha conhecer a miffy\u00ae e se encantar com este produto!!.<\/p>\n","protected":false},"featured_media":7766,"comment_status":"open","ping_status":"closed","template":"","meta":[],"_links":{"self":[{"href":"https:\/\/ninarmoveis.com.br\/index.php?rest_route=\/wp\/v2\/product\/6123"}],"collection":[{"href":"https:\/\/ninarmoveis.com.br\/index.php?rest_route=\/wp\/v2\/product"}],"about":[{"href":"https:\/\/ninarmoveis.com.br\/index.php?rest_route=\/wp\/v2\/types\/product"}],"replies":[{"embeddable":true,"href":"https:\/\/ninarmoveis.com.br\/index.php?rest_route=%2Fwp%2Fv2%2Fcomments&post=6123"}],"wp:featuredmedia":[{"embeddable":true,"href":"https:\/\/ninarmoveis.com.br\/index.php?rest_route=\/wp\/v2\/media\/7766"}],"wp:attachment":[{"href":"https:\/\/ninarmoveis.com.br\/index.php?rest_route=%2Fwp%2Fv2%2Fmedia&parent=6123"}],"curies":[{"name":"wp","href":"https:\/\/api.w.org\/{rel}","templated":true}]}}