{"id":6138,"date":"2020-07-30T16:19:42","date_gmt":"2020-07-30T19:19:42","guid":{"rendered":"http:\/\/sonhosdeninarmoveis.com.br\/?post_type=product&#038;p=6138"},"modified":"2021-08-04T11:20:27","modified_gmt":"2021-08-04T14:20:27","slug":"luminaria-abajur-safari-gatinha-natural","status":"publish","type":"product","link":"https:\/\/ninarmoveis.com.br\/?product=luminaria-abajur-safari-gatinha-natural","title":{"rendered":"Lumin\u00e1ria Abajur Safari Gatinha Natural"},"content":{"rendered":"<p><strong>Lumin\u00e1ria Safari Gatinha<\/strong><\/p>\n<ul>\n<li><strong>Dimens\u00f5es<\/strong><\/li>\n<li>Largura: 28 cm<\/li>\n<li>Altura: 26 cm<\/li>\n<li>Profundidade: 14 cm<\/li>\n<li>Lampadas: Compactas fluorescentes at\u00e9 15W ou LED compat\u00edvel com abertura inferior da lumin\u00e1ria (l\u00e2mpadas n\u00e3o inclusas); (E-27)<\/li>\n<li>Material: Polietileno<\/li>\n<li>Tens\u00e3o: 110V\/220V<\/li>\n<li>Cabo de for\u00e7a: \u00a0Com interruptor medindo 1,8 m de comprimento<\/li>\n<li>Cuidados: Limpar com pano \u00famido e macio<\/li>\n<li>\u00a0Teme qu\u00edmicos e abrasivos<br \/>\n<section class=\"product-list-section\"><\/section>\n<\/li>\n<li>L\u00e2mpada n\u00e3o inclusa.<\/li>\n<li>Cor: Natural<\/li>\n<\/ul>\n","protected":false},"excerpt":{"rendered":"<p>Amor em forma de lumin\u00e1ria! A Lumin\u00e1ria e Abajur\u00a0Gatinha\u00a0ir\u00e1 iluminar o quarto da sua filha (o) com muita fofura.<\/p>\n","protected":false},"featured_media":6107,"comment_status":"open","ping_status":"closed","template":"","meta":[],"_links":{"self":[{"href":"https:\/\/ninarmoveis.com.br\/index.php?rest_route=\/wp\/v2\/product\/6138"}],"collection":[{"href":"https:\/\/ninarmoveis.com.br\/index.php?rest_route=\/wp\/v2\/product"}],"about":[{"href":"https:\/\/ninarmoveis.com.br\/index.php?rest_route=\/wp\/v2\/types\/product"}],"replies":[{"embeddable":true,"href":"https:\/\/ninarmoveis.com.br\/index.php?rest_route=%2Fwp%2Fv2%2Fcomments&post=6138"}],"wp:featuredmedia":[{"embeddable":true,"href":"https:\/\/ninarmoveis.com.br\/index.php?rest_route=\/wp\/v2\/media\/6107"}],"wp:attachment":[{"href":"https:\/\/ninarmoveis.com.br\/index.php?rest_route=%2Fwp%2Fv2%2Fmedia&parent=6138"}],"curies":[{"name":"wp","href":"https:\/\/api.w.org\/{rel}","templated":true}]}}