{"id":6232,"date":"2020-08-03T19:49:10","date_gmt":"2020-08-03T22:49:10","guid":{"rendered":"http:\/\/sonhosdeninarmoveis.com.br\/?post_type=product&#038;p=6232"},"modified":"2022-03-05T16:11:11","modified_gmt":"2022-03-05T19:11:11","slug":"nicho-anjinho-35x24-branco-brilho","status":"publish","type":"product","link":"https:\/\/ninarmoveis.com.br\/?product=nicho-anjinho-35x24-branco-brilho","title":{"rendered":"Nicho Anjinho 35X24 Branco Brilho"},"content":{"rendered":"<p><strong>Nicho Anjinho<\/strong><\/p>\n<p><strong>Dimens\u00f5es<\/strong><\/p>\n<ul>\n<li>Altura: 35 cm<\/li>\n<li>Largura: 34 cm<\/li>\n<li>Profundidade: 20 cm<\/li>\n<li>Peso: 2,9 kg<\/li>\n<li><b>Caracter\u00edsticas<\/b><\/li>\n<li>Estrutura em MDF<\/li>\n<li>Prateleira em MDF<\/li>\n<li>Acabamento nas bordas<\/li>\n<li>Acabamento em UV<\/li>\n<li>Suporta 2 kg<\/li>\n<li>Cor: Branco Brilho<\/li>\n<\/ul>\n","protected":false},"excerpt":{"rendered":"<p>Que tal valorizar a decora\u00e7\u00e3o do quarto do seu beb\u00ea com mais estilo e sofistica\u00e7\u00e3o dando aquele charme todo especial? O Nicho Anjinho Fiorello \u00e9 perfeito, com design moderno e funcional deixando o ambiente do seu filho cheio de vida e personalidade.\u00a0A sua fixa\u00e7\u00e3o \u00e9 feita com bucha e o travamento com parafuso. N\u00e3o possui fundo traseiro.<br \/>\nUtilizado muitas vezes para decora\u00e7\u00e3o, o Nicho Anjinho pode compor ambientes de diferentes formas por ser vers\u00e1til. \u00c9 uma \u00f3tima op\u00e7\u00e3o para espa\u00e7os pequenos pois sua fixa\u00e7\u00e3o \u00e9 a\u00e9rea.<\/p>\n","protected":false},"featured_media":6236,"comment_status":"open","ping_status":"closed","template":"","meta":[],"_links":{"self":[{"href":"https:\/\/ninarmoveis.com.br\/index.php?rest_route=\/wp\/v2\/product\/6232"}],"collection":[{"href":"https:\/\/ninarmoveis.com.br\/index.php?rest_route=\/wp\/v2\/product"}],"about":[{"href":"https:\/\/ninarmoveis.com.br\/index.php?rest_route=\/wp\/v2\/types\/product"}],"replies":[{"embeddable":true,"href":"https:\/\/ninarmoveis.com.br\/index.php?rest_route=%2Fwp%2Fv2%2Fcomments&post=6232"}],"wp:featuredmedia":[{"embeddable":true,"href":"https:\/\/ninarmoveis.com.br\/index.php?rest_route=\/wp\/v2\/media\/6236"}],"wp:attachment":[{"href":"https:\/\/ninarmoveis.com.br\/index.php?rest_route=%2Fwp%2Fv2%2Fmedia&parent=6232"}],"curies":[{"name":"wp","href":"https:\/\/api.w.org\/{rel}","templated":true}]}}