{"id":6504,"date":"2020-08-06T22:30:02","date_gmt":"2020-08-07T01:30:02","guid":{"rendered":"http:\/\/sonhosdeninarmoveis.com.br\/?post_type=product&#038;p=6504"},"modified":"2022-03-05T16:10:56","modified_gmt":"2022-03-05T19:10:56","slug":"roupeiro-twister-3-portas","status":"publish","type":"product","link":"https:\/\/ninarmoveis.com.br\/?product=roupeiro-twister-3-portas","title":{"rendered":"Roupeiro Twister 3 portas"},"content":{"rendered":"<p><strong>Guarda-Roupa Twister 3 pts<\/strong><\/p>\n<ul>\n<li><strong>Dimens\u00f5es<\/strong><\/li>\n<li>Largura: 107\u00a0 cm<\/li>\n<li>Altura: 204 cm<\/li>\n<li>Profundidade: 45.5 cm<\/li>\n<li>Peso: 75,81 kg<\/li>\n<\/ul>\n<p><strong>\u00a0 \u00a0 \u00a0 \u00a0Caracter\u00edsticas:<\/strong><\/p>\n<ul>\n<li>Material: Em 100% MDF de alta resist\u00eancia<\/li>\n<li>3 Portas<\/li>\n<li>2 Gavetas<\/li>\n<li>4 Divis\u00f5es internas<\/li>\n<li>Cabideiro met\u00e1lico<\/li>\n<li>Puxadores em madeira maci\u00e7a<\/li>\n<li>Acabamento UV semi Brilho<\/li>\n<li>Possui suporte para cabides em alum\u00ednio<\/li>\n<li>Corredi\u00e7as Telesc\u00f3picas<\/li>\n<li>4 P\u00e9s palito em madeira<\/li>\n<li>Cor: Neve\/Imbuia Rustico<\/li>\n<\/ul>\n","protected":false},"excerpt":{"rendered":"<p>Para uma mam\u00e3e elegante e retr\u00f4! O Guarda-Roupas Twister 3 portas foi feito pensado especialmente para o beb\u00ea da moda. Produzido em 100% MDF, puxadores e p\u00e9s palito em madeira e corredi\u00e7as telesc\u00f3picas. Est\u00e1 esperando o que para ter essa lindeza na sua casa?!.<\/p>\n","protected":false},"featured_media":6517,"comment_status":"open","ping_status":"closed","template":"","meta":[],"_links":{"self":[{"href":"https:\/\/ninarmoveis.com.br\/index.php?rest_route=\/wp\/v2\/product\/6504"}],"collection":[{"href":"https:\/\/ninarmoveis.com.br\/index.php?rest_route=\/wp\/v2\/product"}],"about":[{"href":"https:\/\/ninarmoveis.com.br\/index.php?rest_route=\/wp\/v2\/types\/product"}],"replies":[{"embeddable":true,"href":"https:\/\/ninarmoveis.com.br\/index.php?rest_route=%2Fwp%2Fv2%2Fcomments&post=6504"}],"wp:featuredmedia":[{"embeddable":true,"href":"https:\/\/ninarmoveis.com.br\/index.php?rest_route=\/wp\/v2\/media\/6517"}],"wp:attachment":[{"href":"https:\/\/ninarmoveis.com.br\/index.php?rest_route=%2Fwp%2Fv2%2Fmedia&parent=6504"}],"curies":[{"name":"wp","href":"https:\/\/api.w.org\/{rel}","templated":true}]}}