{"id":6520,"date":"2020-08-06T22:53:12","date_gmt":"2020-08-07T01:53:12","guid":{"rendered":"http:\/\/sonhosdeninarmoveis.com.br\/?post_type=product&#038;p=6520"},"modified":"2021-06-18T18:37:20","modified_gmt":"2021-06-18T21:37:20","slug":"roupeiro-twister-glass-4-portas","status":"publish","type":"product","link":"https:\/\/ninarmoveis.com.br\/?product=roupeiro-twister-glass-4-portas","title":{"rendered":"Roupeiro Twister Glass 4 portas"},"content":{"rendered":"<p><strong>Guarda-Roupa Twister Glass 4 pts<\/strong><\/p>\n<ul>\n<li><strong>Dimens\u00f5es<\/strong><\/li>\n<li>Largura: 145 cm<\/li>\n<li>Altura: 204 cm<\/li>\n<li>Profundidade: 45 cm<\/li>\n<li>Peso: 106 kg<\/li>\n<\/ul>\n<p><strong>\u00a0 \u00a0 \u00a0 \u00a0 \u00a0Caracter\u00edsticas:<\/strong><\/p>\n<ul>\n<li>Material: Em 100% MDF de alta resist\u00eancia<\/li>\n<li>4 Portas<\/li>\n<li>2 Gavetas<\/li>\n<li>7 Divis\u00f5es internas<\/li>\n<li>Cabideiro met\u00e1lico<\/li>\n<li>Puxadores em madeira maci\u00e7a<\/li>\n<li>Acabamento UV semi Brilho<\/li>\n<li>Possui suporte para cabides em alum\u00ednio<\/li>\n<li>Corredi\u00e7as Telesc\u00f3picas<\/li>\n<li>4 P\u00e9s palito em madeira<\/li>\n<li>Cor: Neve\/Imbuia Rustico<\/li>\n<\/ul>\n","protected":false},"excerpt":{"rendered":"<p>Que tal o Guarda-Roupa Twister Glass? Um dos m\u00f3veis cl\u00e1ssicos do dormit\u00f3rio infantil, o Guarda-Roupa Twister n\u00e3o tem s\u00f3 a capacidade de organizar as roupas e acess\u00f3rios do seu filho, mas tamb\u00e9m garante beleza e sofistica\u00e7\u00e3o para um dos ambientes mais importantes do seu lar. Enquanto a parte interna oferece nichos em diferentes tamanhos, cabideiro e gavetas, a externa \u00e9 refor\u00e7ada pela cor neve, pelo visual delicado e puxadores arredondados. Uma pe\u00e7a b\u00e1sica para contribuir com um quarto aconchegante para as noites de sono e pr\u00e1tico para a rotina com crian\u00e7a em casa.<\/p>\n","protected":false},"featured_media":6526,"comment_status":"open","ping_status":"closed","template":"","meta":[],"_links":{"self":[{"href":"https:\/\/ninarmoveis.com.br\/index.php?rest_route=\/wp\/v2\/product\/6520"}],"collection":[{"href":"https:\/\/ninarmoveis.com.br\/index.php?rest_route=\/wp\/v2\/product"}],"about":[{"href":"https:\/\/ninarmoveis.com.br\/index.php?rest_route=\/wp\/v2\/types\/product"}],"replies":[{"embeddable":true,"href":"https:\/\/ninarmoveis.com.br\/index.php?rest_route=%2Fwp%2Fv2%2Fcomments&post=6520"}],"wp:featuredmedia":[{"embeddable":true,"href":"https:\/\/ninarmoveis.com.br\/index.php?rest_route=\/wp\/v2\/media\/6526"}],"wp:attachment":[{"href":"https:\/\/ninarmoveis.com.br\/index.php?rest_route=%2Fwp%2Fv2%2Fmedia&parent=6520"}],"curies":[{"name":"wp","href":"https:\/\/api.w.org\/{rel}","templated":true}]}}