{"id":6558,"date":"2020-08-08T17:14:28","date_gmt":"2020-08-08T20:14:28","guid":{"rendered":"http:\/\/sonhosdeninarmoveis.com.br\/?post_type=product&#038;p=6558"},"modified":"2022-03-05T16:10:47","modified_gmt":"2022-03-05T19:10:47","slug":"comoda-twister-3-gavetas","status":"publish","type":"product","link":"https:\/\/ninarmoveis.com.br\/?product=comoda-twister-3-gavetas","title":{"rendered":"Comoda Twister 3 gavetas"},"content":{"rendered":"<p><strong>Comoda Colore<\/strong><\/p>\n<ul>\n<li>Largura: 72 Cm<\/li>\n<li>Altura: 93 cm<\/li>\n<li>Profundidade: 46 cm<\/li>\n<li>Peso: 28,4 kg<\/li>\n<li><strong>Caracter\u00edsticas:<\/strong><\/li>\n<li>Material: 100% MDF<\/li>\n<li>3 Gavetas<\/li>\n<li>Puxadores em madeira maci\u00e7a<\/li>\n<li>Acabamento pintura UV<\/li>\n<li>Corredi\u00e7as telesc\u00f3picas<\/li>\n<li>P\u00e9s em madeira estilo retro<\/li>\n<li>Gavetas suporta at\u00e9 10 kg<\/li>\n<li>Cor: Neve Imbuia Rustic\/ Imbuia Rustic Neve<\/li>\n<\/ul>\n","protected":false},"excerpt":{"rendered":"<p>Que tal a C\u00f4moda Twister?Transforme o quartinho do seu beb\u00ea em um verdadeiro sonho com a C\u00f4moda Twister! De cor e estilo delicados, ela \u00e9 f\u00e1cil de ser incorporada \u00e0s mais diversas decora\u00e7\u00f5es e conta com 3 gavetas espa\u00e7osas para armazenar roupas, al\u00e9m de brinquedos e itens do dia a dia, deixando o ambiente organizado com um toque de gra\u00e7a e leveza. Quer um ambiente fofo e sempre em ordem? Com este m\u00f3vel ser\u00e1 f\u00e1cil!<\/p>\n","protected":false},"featured_media":6561,"comment_status":"open","ping_status":"closed","template":"","meta":[],"_links":{"self":[{"href":"https:\/\/ninarmoveis.com.br\/index.php?rest_route=\/wp\/v2\/product\/6558"}],"collection":[{"href":"https:\/\/ninarmoveis.com.br\/index.php?rest_route=\/wp\/v2\/product"}],"about":[{"href":"https:\/\/ninarmoveis.com.br\/index.php?rest_route=\/wp\/v2\/types\/product"}],"replies":[{"embeddable":true,"href":"https:\/\/ninarmoveis.com.br\/index.php?rest_route=%2Fwp%2Fv2%2Fcomments&post=6558"}],"wp:featuredmedia":[{"embeddable":true,"href":"https:\/\/ninarmoveis.com.br\/index.php?rest_route=\/wp\/v2\/media\/6561"}],"wp:attachment":[{"href":"https:\/\/ninarmoveis.com.br\/index.php?rest_route=%2Fwp%2Fv2%2Fmedia&parent=6558"}],"curies":[{"name":"wp","href":"https:\/\/api.w.org\/{rel}","templated":true}]}}