{"id":6582,"date":"2020-08-08T18:32:38","date_gmt":"2020-08-08T21:32:38","guid":{"rendered":"http:\/\/sonhosdeninarmoveis.com.br\/?post_type=product&#038;p=6582"},"modified":"2021-03-15T17:56:27","modified_gmt":"2021-03-15T20:56:27","slug":"roupeiro-malibu-3-portas-correr","status":"publish","type":"product","link":"https:\/\/ninarmoveis.com.br\/?product=roupeiro-malibu-3-portas-correr","title":{"rendered":"Roupeiro Malibu 3 portas Correr"},"content":{"rendered":"<p><strong>Roupeiro Malibu 3 portas<\/strong><\/p>\n<p><strong>Dimens\u00f5es<\/strong><\/p>\n<ul>\n<li>Altura: 204 cm\/210 cm (COM P\u00c9S)<\/li>\n<li>Largura: <em><strong>190<\/strong> <\/em>cm<\/li>\n<li>Profundidade :55 cm<\/li>\n<li>Peso: 119 kg<\/li>\n<li>PRODUTO EM MDP<\/li>\n<li>CORREDI\u00c7AS MET\u00c1LICAS<\/li>\n<li>TRILHO INFERIOR EM ALUM\u00cdNIO<\/li>\n<li>TRILHO SUPERIOR EM PVC<\/li>\n<li>ROLDANAS COM ROLAMENTO<\/li>\n<li>CABIDEIROS EM ALUM\u00cdNIO<\/li>\n<li>PUXADORES EM PVC<\/li>\n<li>KIT ESPELHOS E KIT P\u00c9S (08 UNIDADES)(VENDIDOS SEPARADAMENTE)<\/li>\n<li>CORES DISPON\u00cdVEIS: CUMARU RUSTIC\/OFF WHITE PORTAS REVERS\u00cdVEIS<\/li>\n<li>PUXADORES NA COR CHAMPANHE<\/li>\n<\/ul>\n","protected":false},"excerpt":{"rendered":"<p>O guarda roupa Malibu veio para transformar o seu ambiente de uma vez por todas! De design cl\u00e1ssico, ele \u00e9 produzido em MDP e conta com um espa\u00e7o interno perfeito para manter a organiza\u00e7\u00e3o e o visual do seu c\u00f4modo sempre em dia. Falando em visual, voc\u00ea vai amar o dessa pe\u00e7a, que conta com um espelho ideal para potencializar o charme do espa\u00e7o!<\/p>\n","protected":false},"featured_media":6583,"comment_status":"open","ping_status":"closed","template":"","meta":[],"_links":{"self":[{"href":"https:\/\/ninarmoveis.com.br\/index.php?rest_route=\/wp\/v2\/product\/6582"}],"collection":[{"href":"https:\/\/ninarmoveis.com.br\/index.php?rest_route=\/wp\/v2\/product"}],"about":[{"href":"https:\/\/ninarmoveis.com.br\/index.php?rest_route=\/wp\/v2\/types\/product"}],"replies":[{"embeddable":true,"href":"https:\/\/ninarmoveis.com.br\/index.php?rest_route=%2Fwp%2Fv2%2Fcomments&post=6582"}],"wp:featuredmedia":[{"embeddable":true,"href":"https:\/\/ninarmoveis.com.br\/index.php?rest_route=\/wp\/v2\/media\/6583"}],"wp:attachment":[{"href":"https:\/\/ninarmoveis.com.br\/index.php?rest_route=%2Fwp%2Fv2%2Fmedia&parent=6582"}],"curies":[{"name":"wp","href":"https:\/\/api.w.org\/{rel}","templated":true}]}}