{"id":6657,"date":"2020-08-10T16:49:16","date_gmt":"2020-08-10T19:49:16","guid":{"rendered":"http:\/\/sonhosdeninarmoveis.com.br\/?post_type=product&#038;p=6657"},"modified":"2021-06-18T18:36:05","modified_gmt":"2021-06-18T21:36:05","slug":"roupeiro-lis-4-portas-3-gavetas","status":"publish","type":"product","link":"https:\/\/ninarmoveis.com.br\/?product=roupeiro-lis-4-portas-3-gavetas","title":{"rendered":"Roupeiro Lis 4 portas 3 gavetas"},"content":{"rendered":"<p><strong>Guarda-Roupa Lis 4 Portas<\/strong><\/p>\n<ul>\n<li>Largura: 180 cm<\/li>\n<li>Altura: 225 cm<\/li>\n<li>Profundidade: 42 cm<\/li>\n<li>Peso: 112,6<\/li>\n<li><strong>Caracter\u00edsticas:<\/strong><\/li>\n<\/ul>\n<ul>\n<li>Material: 100%MDF<\/li>\n<li>4 Portas<\/li>\n<li>3 Gavetas<\/li>\n<li>Divis\u00f5es internas<\/li>\n<li>Cabideiro em alum\u00ednio<\/li>\n<li>Detalhes nas portas centrais em acr\u00edlico<\/li>\n<li>Acabamento pintura atoxica na superf\u00edcie U.V<\/li>\n<li>Possui suporte para cabides em alum\u00ednio<\/li>\n<li>Dobradi\u00e7a met\u00e1lica<\/li>\n<li>Gavetas suportam at\u00e9 6 kg distribu\u00eddos uniformemente<\/li>\n<li>Prateleiras suportam at\u00e9 15 kg distribu\u00eddos uniformemente<\/li>\n<li>Cor: Branco Brilho<\/li>\n<\/ul>\n","protected":false},"excerpt":{"rendered":"<p>Decore o quarto do beb\u00ea com estilo, praticidade e \u00f3timo espa\u00e7o interno. O Roupeiro Lis 4 Portas e 3 Gavetas da Cana\u00e3 M\u00f3veis vai completar o quarto com qualidade e versatilidade.<\/p>\n","protected":false},"featured_media":5161,"comment_status":"open","ping_status":"closed","template":"","meta":[],"_links":{"self":[{"href":"https:\/\/ninarmoveis.com.br\/index.php?rest_route=\/wp\/v2\/product\/6657"}],"collection":[{"href":"https:\/\/ninarmoveis.com.br\/index.php?rest_route=\/wp\/v2\/product"}],"about":[{"href":"https:\/\/ninarmoveis.com.br\/index.php?rest_route=\/wp\/v2\/types\/product"}],"replies":[{"embeddable":true,"href":"https:\/\/ninarmoveis.com.br\/index.php?rest_route=%2Fwp%2Fv2%2Fcomments&post=6657"}],"wp:featuredmedia":[{"embeddable":true,"href":"https:\/\/ninarmoveis.com.br\/index.php?rest_route=\/wp\/v2\/media\/5161"}],"wp:attachment":[{"href":"https:\/\/ninarmoveis.com.br\/index.php?rest_route=%2Fwp%2Fv2%2Fmedia&parent=6657"}],"curies":[{"name":"wp","href":"https:\/\/api.w.org\/{rel}","templated":true}]}}