{"id":6658,"date":"2020-08-10T17:26:53","date_gmt":"2020-08-10T20:26:53","guid":{"rendered":"http:\/\/sonhosdeninarmoveis.com.br\/?post_type=product&#038;p=6658"},"modified":"2021-05-07T10:38:36","modified_gmt":"2021-05-07T13:38:36","slug":"roupeiro-luiza-3-portas-branco","status":"publish","type":"product","link":"https:\/\/ninarmoveis.com.br\/?product=roupeiro-luiza-3-portas-branco","title":{"rendered":"Roupeiro Luiza 3 portas Branco"},"content":{"rendered":"<p><strong>Guarda-Roupa Luiza 3 portas<\/strong><\/p>\n<ul>\n<li>Largura: 112 cm<\/li>\n<li>Altura: 223 cm<\/li>\n<li>Profundidade: 42 cm<\/li>\n<li>Peso: 70 kg<\/li>\n<li><strong>Caracter\u00edsticas:<\/strong><\/li>\n<li>\u00a0Desenvolvida em MDF<\/li>\n<li>Branco Acetinado<\/li>\n<li>Pintura at\u00f3xica que n\u00e3o tem cheiro e nem faz mal a sa\u00fade do beb\u00ea<\/li>\n<li>3 Gavetas com corredi\u00e7as telesc\u00f3picas livres de qualquer enrosco<\/li>\n<li>\u00a0Puxadores ergon\u00f4micos em PVC<\/li>\n<li>\u00a03 Porta com dobradi\u00e7a em a\u00e7o<\/li>\n<li>\u00a0Prateleiras<\/li>\n<li>\u00a0Cabideiro<\/li>\n<li>P\u00e9s em PVC<\/li>\n<li>\u00a0Lindo design<\/li>\n<\/ul>\n","protected":false},"excerpt":{"rendered":"<p>Na hora de escolher guarda infantil para o quarto do beb\u00ea conte com a gente, apresentamos mais uma linda op\u00e7\u00e3o que vai auxiliar a mam\u00e3e deixar roupas e acess\u00f3rios do beb\u00ea sempre bem organizados confira! Decore o quarto do beb\u00ea com estilo, praticidade e \u00f3timo espa\u00e7o interno. O Roupeiro Luiza 4 Portas e 3 Gavetas da Cana\u00e3 M\u00f3veis vai completar o quarto com qualidade e versatilidade e eleg\u00e2ncia.<\/p>\n","protected":false},"featured_media":6662,"comment_status":"open","ping_status":"closed","template":"","meta":[],"_links":{"self":[{"href":"https:\/\/ninarmoveis.com.br\/index.php?rest_route=\/wp\/v2\/product\/6658"}],"collection":[{"href":"https:\/\/ninarmoveis.com.br\/index.php?rest_route=\/wp\/v2\/product"}],"about":[{"href":"https:\/\/ninarmoveis.com.br\/index.php?rest_route=\/wp\/v2\/types\/product"}],"replies":[{"embeddable":true,"href":"https:\/\/ninarmoveis.com.br\/index.php?rest_route=%2Fwp%2Fv2%2Fcomments&post=6658"}],"wp:featuredmedia":[{"embeddable":true,"href":"https:\/\/ninarmoveis.com.br\/index.php?rest_route=\/wp\/v2\/media\/6662"}],"wp:attachment":[{"href":"https:\/\/ninarmoveis.com.br\/index.php?rest_route=%2Fwp%2Fv2%2Fmedia&parent=6658"}],"curies":[{"name":"wp","href":"https:\/\/api.w.org\/{rel}","templated":true}]}}