{"id":6683,"date":"2020-08-10T20:03:12","date_gmt":"2020-08-10T23:03:12","guid":{"rendered":"http:\/\/sonhosdeninarmoveis.com.br\/?post_type=product&#038;p=6683"},"modified":"2022-03-05T16:10:07","modified_gmt":"2022-03-05T19:10:07","slug":"mesa-lateral-liv-azul","status":"publish","type":"product","link":"https:\/\/ninarmoveis.com.br\/?product=mesa-lateral-liv-azul","title":{"rendered":"Mesa lateral Liv Azul"},"content":{"rendered":"<p><strong>Mesa Liv<\/strong><\/p>\n<ul>\n<li><strong>Dimens\u00f5es:<\/strong><\/li>\n<li>Altura:60 cm<\/li>\n<li>Largura: 44 cm<\/li>\n<li>Profundidade: 44 cm<\/li>\n<\/ul>\n<p><strong>ESPECIFICA\u00c7\u00d5ES:<\/strong><br \/>\n<strong>\u2022<\/strong>\u00a0Material MDF<br \/>\n<strong>\u2022\u00a0<\/strong>Tampo redondo<br \/>\n<strong>\u2022\u00a0<\/strong>Detalhes em madeira maci\u00e7a<br \/>\n<strong>\u2022\u00a0<\/strong>Lindo Design<br \/>\n<strong>\u2022\u00a0<\/strong>Acabamento UV (At\u00f3xico);<\/p>\n<p>&nbsp;<\/p>\n<p>&nbsp;<\/p>\n<p>&nbsp;<\/p>\n","protected":false},"excerpt":{"rendered":"<p>A\u00a0<strong>Mesa Lateral Liv &#8211; Imaza M\u00f3veis<\/strong>\u00a0\u00e9 perfeita para quem busca praticidade e versatilidade para o ambiente. Ideal para colocar no canto do quarto ou ao lado do sof\u00e1 da sala, pode ser utilizada para acomodar itens pessoais, abajures, celulares e diversos outros objetos. Seu design estilo retr\u00f4, com p\u00e9s palito, garante o charme e a sofistica\u00e7\u00e3o ao c\u00f4modo<\/p>\n","protected":false},"featured_media":6684,"comment_status":"open","ping_status":"closed","template":"","meta":[],"_links":{"self":[{"href":"https:\/\/ninarmoveis.com.br\/index.php?rest_route=\/wp\/v2\/product\/6683"}],"collection":[{"href":"https:\/\/ninarmoveis.com.br\/index.php?rest_route=\/wp\/v2\/product"}],"about":[{"href":"https:\/\/ninarmoveis.com.br\/index.php?rest_route=\/wp\/v2\/types\/product"}],"replies":[{"embeddable":true,"href":"https:\/\/ninarmoveis.com.br\/index.php?rest_route=%2Fwp%2Fv2%2Fcomments&post=6683"}],"wp:featuredmedia":[{"embeddable":true,"href":"https:\/\/ninarmoveis.com.br\/index.php?rest_route=\/wp\/v2\/media\/6684"}],"wp:attachment":[{"href":"https:\/\/ninarmoveis.com.br\/index.php?rest_route=%2Fwp%2Fv2%2Fmedia&parent=6683"}],"curies":[{"name":"wp","href":"https:\/\/api.w.org\/{rel}","templated":true}]}}