{"id":6717,"date":"2020-08-11T12:25:03","date_gmt":"2020-08-11T15:25:03","guid":{"rendered":"http:\/\/sonhosdeninarmoveis.com.br\/?post_type=product&#038;p=6717"},"modified":"2021-05-05T18:38:38","modified_gmt":"2021-05-05T21:38:38","slug":"comoda-alegria-4-gavetas-branco-fosco","status":"publish","type":"product","link":"https:\/\/ninarmoveis.com.br\/?product=comoda-alegria-4-gavetas-branco-fosco","title":{"rendered":"C\u00f4moda Alegria 4 gavetas Henn"},"content":{"rendered":"<p><strong>Comoda Alegria<\/strong><\/p>\n<ul>\n<li>Largura: 98 Cm<\/li>\n<li>Altura: 92 cm<\/li>\n<li>Profundidade: 41,5 cm<\/li>\n<li>Peso: 39 kg<\/li>\n<li><strong>Caracter\u00edsticas:<\/strong><\/li>\n<li>Material: 100% MDF<\/li>\n<li>Alta resist\u00eancia mec\u00e2nica e durabilidade<\/li>\n<li>4 Gavetas<\/li>\n<li>Corredi\u00e7as telesc\u00f3picas<\/li>\n<li>1 Prateleira interna<\/li>\n<li>P\u00e9s, rodap\u00e9 e puxadores de madeira<\/li>\n<li>Portas e gavetas usinadas com cava para pega\/puxador<\/li>\n<li>Pintura em acabamento fosco<\/li>\n<li>Tampo com Bordas arredondadas<\/li>\n<li>Cor: Branco fosco<\/li>\n<\/ul>\n","protected":false},"excerpt":{"rendered":"<p>Fabricada 100% em MDF, a Linha Infantil Alegria oferece m\u00f3veis com um design contempor\u00e2neo e detalhes arrojados para montar um quarto de beb\u00ea moderno.<\/p>\n","protected":false},"featured_media":6730,"comment_status":"open","ping_status":"closed","template":"","meta":[],"_links":{"self":[{"href":"https:\/\/ninarmoveis.com.br\/index.php?rest_route=\/wp\/v2\/product\/6717"}],"collection":[{"href":"https:\/\/ninarmoveis.com.br\/index.php?rest_route=\/wp\/v2\/product"}],"about":[{"href":"https:\/\/ninarmoveis.com.br\/index.php?rest_route=\/wp\/v2\/types\/product"}],"replies":[{"embeddable":true,"href":"https:\/\/ninarmoveis.com.br\/index.php?rest_route=%2Fwp%2Fv2%2Fcomments&post=6717"}],"wp:featuredmedia":[{"embeddable":true,"href":"https:\/\/ninarmoveis.com.br\/index.php?rest_route=\/wp\/v2\/media\/6730"}],"wp:attachment":[{"href":"https:\/\/ninarmoveis.com.br\/index.php?rest_route=%2Fwp%2Fv2%2Fmedia&parent=6717"}],"curies":[{"name":"wp","href":"https:\/\/api.w.org\/{rel}","templated":true}]}}