{"id":6719,"date":"2020-08-11T12:24:27","date_gmt":"2020-08-11T15:24:27","guid":{"rendered":"http:\/\/sonhosdeninarmoveis.com.br\/?post_type=product&#038;p=6719"},"modified":"2021-05-05T18:38:56","modified_gmt":"2021-05-05T21:38:56","slug":"berco-montessoriano-americano-branco","status":"publish","type":"product","link":"https:\/\/ninarmoveis.com.br\/?product=berco-montessoriano-americano-branco","title":{"rendered":"Ber\u00e7o Montessoriano Americano Branco"},"content":{"rendered":"<h5><strong>Dimens\u00f5es:<\/strong><\/h5>\n<ul>\n<li>Largura: 135 cm<\/li>\n<li>Altura: 141,5 cm<\/li>\n<li>Profundidade: 76,2 cm<\/li>\n<li>Peso; 42 kg<\/li>\n<li><strong>Caracter\u00edsticas<\/strong><\/li>\n<li>Material: Em MDF<\/li>\n<li>suporta at\u00e9 20 kg<\/li>\n<li>Acabamento pintura UV<\/li>\n<li>Sim, esse produto \u00e9 2 em 1, pode ser montado como ber\u00e7o e Montessoriano Cabana<\/li>\n<li>Medidas do colch\u00e3o: 70 x 130 ( N\u00c3O INCLUSO )<\/li>\n<li>itens decorativos n\u00e3o inclusos<\/li>\n<\/ul>\n","protected":false},"excerpt":{"rendered":"<p class=\"title\"><strong>Ber\u00e7o Americano Montessoriano M\u00f3veis Henn<\/strong><\/p>\n<p class=\"title\">Produto 2 em 1, ber\u00e7o que se transforma em cama, est\u00e1 fica pr\u00f3xima ao ch\u00e3o, proporcionando maior acessibilidade \u00e0 crian\u00e7a. Foi projetado para desenvolver e estimular a autonomia da crian\u00e7a de forma segura para que ela se sinta a vontade para explorar seu espa\u00e7o. Com medidas 1415 mm de altura, 1350 mm de largura e 762 mm de profundidade, 100% MDF, possui estrutura robusta e dur\u00e1vel. A seguran\u00e7a tamb\u00e9m \u00e9 outro destaque, pois est\u00e1 certificado e aprovado conforme normas do Inmetro.<\/p>\n","protected":false},"featured_media":6725,"comment_status":"open","ping_status":"closed","template":"","meta":[],"_links":{"self":[{"href":"https:\/\/ninarmoveis.com.br\/index.php?rest_route=\/wp\/v2\/product\/6719"}],"collection":[{"href":"https:\/\/ninarmoveis.com.br\/index.php?rest_route=\/wp\/v2\/product"}],"about":[{"href":"https:\/\/ninarmoveis.com.br\/index.php?rest_route=\/wp\/v2\/types\/product"}],"replies":[{"embeddable":true,"href":"https:\/\/ninarmoveis.com.br\/index.php?rest_route=%2Fwp%2Fv2%2Fcomments&post=6719"}],"wp:featuredmedia":[{"embeddable":true,"href":"https:\/\/ninarmoveis.com.br\/index.php?rest_route=\/wp\/v2\/media\/6725"}],"wp:attachment":[{"href":"https:\/\/ninarmoveis.com.br\/index.php?rest_route=%2Fwp%2Fv2%2Fmedia&parent=6719"}],"curies":[{"name":"wp","href":"https:\/\/api.w.org\/{rel}","templated":true}]}}