{"id":6734,"date":"2020-08-11T12:51:05","date_gmt":"2020-08-11T15:51:05","guid":{"rendered":"http:\/\/sonhosdeninarmoveis.com.br\/?post_type=product&#038;p=6734"},"modified":"2022-03-05T16:09:52","modified_gmt":"2022-03-05T19:09:52","slug":"comoda-americano-sapateira-branca","status":"publish","type":"product","link":"https:\/\/ninarmoveis.com.br\/?product=comoda-americano-sapateira-branca","title":{"rendered":"Comoda Americano Sapateira Branca"},"content":{"rendered":"<p><strong>Comoda Americano Sapateira<\/strong><\/p>\n<ul>\n<li>Largura: 126,5 Cm<\/li>\n<li>Altura: 101 cm<\/li>\n<li>Profundidade: 51 cm<\/li>\n<li>Peso: 56 kg<\/li>\n<li><strong>Caracter\u00edsticas:<\/strong><\/li>\n<li>Material: 100% MDF<\/li>\n<li>Alta resist\u00eancia mec\u00e2nica e durabilidade<\/li>\n<li>4 Gavetas<\/li>\n<li>Corredi\u00e7as met\u00e1licas simples<\/li>\n<li>1 Prateleira interna<\/li>\n<li>Puxadores em ABS<\/li>\n<li>Pintura Texturizada UV<\/li>\n<li>Suporta at\u00e9 60 kg<\/li>\n<li>Pintura em acabamento fosco<\/li>\n<li>Tampo com Bordas arredondadas<\/li>\n<li>Cor: Branco fosco<\/li>\n<\/ul>\n","protected":false},"excerpt":{"rendered":"<p class=\"title\"><strong>C\u00f4moda 4 Gavetas 1 Porta Americano M\u00f3veis Henn<\/strong><\/p>\n<p class=\"title\">Produto \u00e9 inspirado na decora\u00e7\u00e3o escandinava, aconchegante e encantador, capaz de adequar o tradicional com o contempor\u00e2neo, excelente para modernizar seu ambiente, podendo ser utilizado para quartos adulto, juvenil e infantil. Possui medidas de 1010 mm de altura, 1265 mm de largura e 510 de profundidade, nas gavetas possuem desenhos de usinagem em baixo relevo, gavetas com corredi\u00e7as telesc\u00f3picas asseguram um fechamento suave, puxadores ABS na cor bronze. Este produto deixa qualquer ambiente moderno e clean, inovando sua forma de decorar seus espa\u00e7os.<\/p>\n","protected":false},"featured_media":6743,"comment_status":"open","ping_status":"closed","template":"","meta":[],"_links":{"self":[{"href":"https:\/\/ninarmoveis.com.br\/index.php?rest_route=\/wp\/v2\/product\/6734"}],"collection":[{"href":"https:\/\/ninarmoveis.com.br\/index.php?rest_route=\/wp\/v2\/product"}],"about":[{"href":"https:\/\/ninarmoveis.com.br\/index.php?rest_route=\/wp\/v2\/types\/product"}],"replies":[{"embeddable":true,"href":"https:\/\/ninarmoveis.com.br\/index.php?rest_route=%2Fwp%2Fv2%2Fcomments&post=6734"}],"wp:featuredmedia":[{"embeddable":true,"href":"https:\/\/ninarmoveis.com.br\/index.php?rest_route=\/wp\/v2\/media\/6743"}],"wp:attachment":[{"href":"https:\/\/ninarmoveis.com.br\/index.php?rest_route=%2Fwp%2Fv2%2Fmedia&parent=6734"}],"curies":[{"name":"wp","href":"https:\/\/api.w.org\/{rel}","templated":true}]}}