{"id":6750,"date":"2020-08-11T15:23:54","date_gmt":"2020-08-11T18:23:54","guid":{"rendered":"http:\/\/sonhosdeninarmoveis.com.br\/?post_type=product&#038;p=6750"},"modified":"2022-01-05T10:39:04","modified_gmt":"2022-01-05T13:39:04","slug":"roupeiro-americano-4-portas-branco-fosco","status":"publish","type":"product","link":"https:\/\/ninarmoveis.com.br\/?product=roupeiro-americano-4-portas-branco-fosco","title":{"rendered":"Roupeiro Americano 4 portas Branco Fosco"},"content":{"rendered":"<p><strong>Guarda-Roupa Americano 4 Portas<\/strong><\/p>\n<ul>\n<li>Largura: 158,5 cm<\/li>\n<li>Altura: 220,5 cm<\/li>\n<li>Profundidade: 46.5 cm<\/li>\n<li>Peso: 68 kg<\/li>\n<li><strong>Caracter\u00edsticas:<\/strong><\/li>\n<\/ul>\n<ul>\n<li>Material: MDF e MDP<\/li>\n<li>4 Portas<\/li>\n<li>4 Gavetas<\/li>\n<li>4 Divis\u00f5es internas<\/li>\n<li>Cabideiro em alum\u00ednio<\/li>\n<li>Pintura Texturiza<\/li>\n<li>Dobradi\u00e7a met\u00e1lica<\/li>\n<li>Met\u00e1lica Telesc\u00f3pica<\/li>\n<li>Gavetas suportam at\u00e9 3 kg distribu\u00eddos uniformemente<\/li>\n<li>Prateleiras suportam at\u00e9 8 kg distribu\u00eddos uniformemente<\/li>\n<li>Cor: Branco fosco<\/li>\n<\/ul>\n","protected":false},"excerpt":{"rendered":"<div class=\"product-description\">\n<p class=\"title\"><strong>Guarda Roupa 4 Portas 4 Gavetas Americano Henn<\/strong><\/p>\n<p class=\"description\">Produto inspirado na decora\u00e7\u00e3o minimalista, aconchegante e encantador, capaz de adequar o tradicional com o contempor\u00e2neo, excelente para modernizar seu ambiente, podendo ser usado para quartos adulto, juvenil e infantil. Possui medidas de 2.205 mm de altura, 1.585 mm de largura e 465 mm de profundidade. Tanto nas portas quantas nas gavetas possuem desenhos de usinagem em baixo relevo, gavetas com corredi\u00e7as telesc\u00f3picas asseguram um fechamento suave e maior abertura das gavetas, puxadores ABS na cor bronze. Roupeiro elegante e sofisticado excelente para compor seu ambiente e proporcionando sutileza ao espa\u00e7o.<\/p>\n<\/div>\n<h3 class=\"subtitle\"><\/h3>\n","protected":false},"featured_media":6752,"comment_status":"open","ping_status":"closed","template":"","meta":[],"_links":{"self":[{"href":"https:\/\/ninarmoveis.com.br\/index.php?rest_route=\/wp\/v2\/product\/6750"}],"collection":[{"href":"https:\/\/ninarmoveis.com.br\/index.php?rest_route=\/wp\/v2\/product"}],"about":[{"href":"https:\/\/ninarmoveis.com.br\/index.php?rest_route=\/wp\/v2\/types\/product"}],"replies":[{"embeddable":true,"href":"https:\/\/ninarmoveis.com.br\/index.php?rest_route=%2Fwp%2Fv2%2Fcomments&post=6750"}],"wp:featuredmedia":[{"embeddable":true,"href":"https:\/\/ninarmoveis.com.br\/index.php?rest_route=\/wp\/v2\/media\/6752"}],"wp:attachment":[{"href":"https:\/\/ninarmoveis.com.br\/index.php?rest_route=%2Fwp%2Fv2%2Fmedia&parent=6750"}],"curies":[{"name":"wp","href":"https:\/\/api.w.org\/{rel}","templated":true}]}}