{"id":6813,"date":"2020-08-12T23:57:36","date_gmt":"2020-08-13T02:57:36","guid":{"rendered":"http:\/\/sonhosdeninarmoveis.com.br\/?post_type=product&#038;p=6813"},"modified":"2022-03-30T17:05:46","modified_gmt":"2022-03-30T20:05:46","slug":"cama-montessoriana-4-em-1","status":"publish","type":"product","link":"https:\/\/ninarmoveis.com.br\/?product=cama-montessoriana-4-em-1","title":{"rendered":"Cama Montessoriana 4 em 1"},"content":{"rendered":"<p><strong>Cama Montessoriana<\/strong><\/p>\n<p><strong>Dimens\u00f5es<\/strong><\/p>\n<ul>\n<li>Altura: 158 cm<\/li>\n<li>Largura: 196 cm<\/li>\n<li>Profundidade: 96 cm<\/li>\n<li><b>Caracter\u00edsticas:<\/b><\/li>\n<li>Padr\u00e3o Solteiro: 1,88 x 0,88 (n\u00e3o incluso)<\/li>\n<li>Estrutura: Madeira\/ grades MDF<\/li>\n<li>Exceto Ref: 55012 &#8211; grades madeira<\/li>\n<li>\u00a0Acabamento: acetinado<\/li>\n<li>Por ser um produto estrutura em madeira pode apresentar sinais de veio da madeira e pequenas imperfei\u00e7\u00f5es, devido \u00e0s caracter\u00edsticas naturais da mat\u00e9ria-prima.\n<div id=\"u677899-4\" class=\"clearfix colelem\">\n<p><span id=\"u677899\">\u00a0<strong>04 OP\u00c7\u00d5ES DE MONTAGEM:<\/strong><\/span><\/p>\n<\/div>\n<div id=\"u677875-30\" class=\"clearfix colelem\">\n<p id=\"u677875-2\">Todas as pe\u00e7as para as montagens padr\u00e3o inclusas<\/p>\n<p id=\"u677875-14\"><span id=\"u677875-3\">Montagem 01<\/span><span id=\"u677875-4\">:\u00a0<\/span>cama baixa (Montessori) com grades laterais;<br \/>\nIndicada para crian\u00e7as de 0 a 6 anos.<br \/>\n<span id=\"u677875-9\">Montagem 02<\/span><span id=\"u677875-10\">:<\/span>\u00a0cama alta, com ou sem grades laterais;<br \/>\nIndicada para crian\u00e7as de 6 a 12 anos.<\/p>\n<p>Op\u00e7\u00e3o de montagem com fechamento inferior de grade e op\u00e7\u00e3o de venda de cama auxiliar em branco\/cores\/frontal madeira.<\/p>\n<p><span id=\"u677875-17\">Montagem 03<\/span><span id=\"u677875-18\">:<\/span>\u00a0cama alta, com ou sem grades laterais, com casinha parcial;<br \/>\nIndicada para crian\u00e7as a partir de 12 anos at\u00e9 idade adulta. *Op\u00e7\u00e3o de montagem com fechamento inferior de grade e op\u00e7\u00e3o de venda de cama auxiliar em branco ou cores.<\/p>\n<p id=\"u677875-28\"><span id=\"u677875-23\">Montagem 04<\/span><span id=\"u677875-24\">:<\/span>\u00a0cama turca, com ou sem grades como cabeceira.<br \/>\nOp\u00e7\u00e3o de montagem com fechamento inferior de grade e op\u00e7\u00e3o de venda de cama auxiliar em branco\/cores\/frontal madeira.<\/p>\n<\/div>\n<\/li>\n<\/ul>\n","protected":false},"excerpt":{"rendered":"<p>A Cama Montessoriana sem barra frontal da casinha para facilitar a coloca\u00e7\u00e3o da crian\u00e7a na cama. Com op\u00e7\u00e3o de montar a cama elevada quando a crian\u00e7a cresce e usar cama auxiliar (bicama) em baixo! Op\u00e7\u00e3o de desmontar a casinha parcial ou desmontar totalmente a casinha transformando em cama turca (sem cabeceira).Com durabilidade e qualidade que s\u00f3 Puppi Mobile tem!<\/p>\n","protected":false},"featured_media":1840,"comment_status":"open","ping_status":"closed","template":"","meta":[],"_links":{"self":[{"href":"https:\/\/ninarmoveis.com.br\/index.php?rest_route=\/wp\/v2\/product\/6813"}],"collection":[{"href":"https:\/\/ninarmoveis.com.br\/index.php?rest_route=\/wp\/v2\/product"}],"about":[{"href":"https:\/\/ninarmoveis.com.br\/index.php?rest_route=\/wp\/v2\/types\/product"}],"replies":[{"embeddable":true,"href":"https:\/\/ninarmoveis.com.br\/index.php?rest_route=%2Fwp%2Fv2%2Fcomments&post=6813"}],"wp:featuredmedia":[{"embeddable":true,"href":"https:\/\/ninarmoveis.com.br\/index.php?rest_route=\/wp\/v2\/media\/1840"}],"wp:attachment":[{"href":"https:\/\/ninarmoveis.com.br\/index.php?rest_route=%2Fwp%2Fv2%2Fmedia&parent=6813"}],"curies":[{"name":"wp","href":"https:\/\/api.w.org\/{rel}","templated":true}]}}