{"id":6873,"date":"2020-08-15T10:17:12","date_gmt":"2020-08-15T13:17:12","guid":{"rendered":"http:\/\/sonhosdeninarmoveis.com.br\/?post_type=product&#038;p=6873"},"modified":"2020-09-30T18:54:48","modified_gmt":"2020-09-30T21:54:48","slug":"elefantinho-buba-gigante","status":"publish","type":"product","link":"https:\/\/ninarmoveis.com.br\/?product=elefantinho-buba-gigante","title":{"rendered":"Elefantinho Buba Gigante"},"content":{"rendered":"<p><strong>Caracter\u00edsticas:<\/strong><\/p>\n<ul>\n<li>Medida aproximada do elefante\u00a0deitado: 65 x 30 x 49 cm.<\/li>\n<li>Indica\u00e7\u00e3o: a partir de 9 meses.<\/li>\n<li>Composi\u00e7\u00e3o: corpo e olhos 100% poli\u00e9ster.<\/li>\n<li>Cor: Azul, cinza, cinza\/rosa, rosa<\/li>\n<\/ul>\n","protected":false},"excerpt":{"rendered":"<p>Conhe\u00e7a a Almofada Elefante Gigante da Buba, ela \u00e9 fof\u00edssima e super macia! Com esse amig\u00e3o super aconchegante, os pequenos ir\u00e3o adorar brincar, abra\u00e7ar e at\u00e9 ficar juntinho na hora do sono. Al\u00e9m disso, ficar\u00e1 linda na decora\u00e7\u00e3o do quartinho!<br \/>\nA Buba desenvolve pel\u00facias antial\u00e9rgicas, super macias e com design diferenciado, sempre se preocupando em manter um alto padr\u00e3o de qualidade.<\/p>\n","protected":false},"featured_media":6884,"comment_status":"open","ping_status":"closed","template":"","meta":[],"_links":{"self":[{"href":"https:\/\/ninarmoveis.com.br\/index.php?rest_route=\/wp\/v2\/product\/6873"}],"collection":[{"href":"https:\/\/ninarmoveis.com.br\/index.php?rest_route=\/wp\/v2\/product"}],"about":[{"href":"https:\/\/ninarmoveis.com.br\/index.php?rest_route=\/wp\/v2\/types\/product"}],"replies":[{"embeddable":true,"href":"https:\/\/ninarmoveis.com.br\/index.php?rest_route=%2Fwp%2Fv2%2Fcomments&post=6873"}],"wp:featuredmedia":[{"embeddable":true,"href":"https:\/\/ninarmoveis.com.br\/index.php?rest_route=\/wp\/v2\/media\/6884"}],"wp:attachment":[{"href":"https:\/\/ninarmoveis.com.br\/index.php?rest_route=%2Fwp%2Fv2%2Fmedia&parent=6873"}],"curies":[{"name":"wp","href":"https:\/\/api.w.org\/{rel}","templated":true}]}}