{"id":6947,"date":"2020-08-18T12:26:57","date_gmt":"2020-08-18T15:26:57","guid":{"rendered":"http:\/\/sonhosdeninarmoveis.com.br\/?post_type=product&#038;p=6947"},"modified":"2020-09-19T10:52:20","modified_gmt":"2020-09-19T13:52:20","slug":"ninho-redutor-de-berco","status":"publish","type":"product","link":"https:\/\/ninarmoveis.com.br\/?product=ninho-redutor-de-berco","title":{"rendered":"Ninho Redutor de Ber\u00e7o"},"content":{"rendered":"<p><strong>Redutor De Ber\u00e7o Ninho<\/strong><br \/>\nFechado &#8211; 75 cm X 45 cm X 16 cm (Altura)<br \/>\nAberto &#8211; 85 cm X 45 cm X 16 cm (Altura)<\/p>\n<p>O produto \u00e9 confeccionado em<\/p>\n<p>Tecido 100% Algod\u00e3o<\/p>\n<p>Enchimento Manta 100% Poli\u00e9ster<\/p>\n<p>Nas bordas e superf\u00edcie em Espuma Enchimento 100% Poliuretano.<\/p>\n<p>Indicado para uso de 0 a 5 meses.<\/p>\n","protected":false},"excerpt":{"rendered":"<p>O ninho redutor de Ber\u00e7o-Brubrelel, foi desenvolvido pensando no aconchego do beb\u00ea deixando ele com a sensa\u00e7\u00e3o de seguran\u00e7a como se estivesse no \u00fatero da mam\u00e3e, garante um sono tranquilo desde os primeiros dias de vida. Pode ser usado no ber\u00e7o, e se for dormir fora \u00e9 indispens\u00e1vel. O ninho \u00e9 composto por 1 pe\u00e7a.<\/p>\n","protected":false},"featured_media":6959,"comment_status":"open","ping_status":"closed","template":"","meta":[],"_links":{"self":[{"href":"https:\/\/ninarmoveis.com.br\/index.php?rest_route=\/wp\/v2\/product\/6947"}],"collection":[{"href":"https:\/\/ninarmoveis.com.br\/index.php?rest_route=\/wp\/v2\/product"}],"about":[{"href":"https:\/\/ninarmoveis.com.br\/index.php?rest_route=\/wp\/v2\/types\/product"}],"replies":[{"embeddable":true,"href":"https:\/\/ninarmoveis.com.br\/index.php?rest_route=%2Fwp%2Fv2%2Fcomments&post=6947"}],"wp:featuredmedia":[{"embeddable":true,"href":"https:\/\/ninarmoveis.com.br\/index.php?rest_route=\/wp\/v2\/media\/6959"}],"wp:attachment":[{"href":"https:\/\/ninarmoveis.com.br\/index.php?rest_route=%2Fwp%2Fv2%2Fmedia&parent=6947"}],"curies":[{"name":"wp","href":"https:\/\/api.w.org\/{rel}","templated":true}]}}