{"id":6977,"date":"2020-08-19T21:00:17","date_gmt":"2020-08-20T00:00:17","guid":{"rendered":"http:\/\/sonhosdeninarmoveis.com.br\/?post_type=product&#038;p=6977"},"modified":"2021-03-16T17:35:11","modified_gmt":"2021-03-16T20:35:11","slug":"penteadeira-camarim-seul-com-banqueta","status":"publish","type":"product","link":"https:\/\/ninarmoveis.com.br\/?product=penteadeira-camarim-seul-com-banqueta","title":{"rendered":"Penteadeira Camarim Seul com Banqueta"},"content":{"rendered":"<ul>\n<li><strong>Dimens\u00f5es<\/strong><\/li>\n<li>Altura: 1460 mm<\/li>\n<li>Largura: 1200 mm<\/li>\n<li>Profundidade: 450 mm<\/li>\n<li>Peso: 55,6 kg<\/li>\n<li>M\u00b3 desmontado: 0,109 m\u00b3<\/li>\n<li>Volume: 6<\/li>\n<li><b>Caracter\u00edsticas:<\/b><\/li>\n<li>Estrutura: MDF e MDP de 18 mm<\/li>\n<li>Acabamento: Pintura U.V., Resistente a riscos e alto-relevo nos pain\u00e9is\u00a0 e fita de bordas nas laterais, tampo e gavetas<\/li>\n<li>Puxadores: Metal, estilo Retr\u00f4<\/li>\n<li>Tampo: Vidro, para melhor visualiza\u00e7\u00e3o do separador de joias da gaveta<\/li>\n<li>Corredi\u00e7as: Telesc\u00f3picas de 350 mm<\/li>\n<li>Gaveta: Central com nicho, servindo de porta-joias<\/li>\n<li>Espelho: Sim, no quadro central<\/li>\n<li>Quadro: Com espelho, 04 jogos de l\u00e2mpadas de LED (l\u00e2mpadas j\u00e1 inclusa), tomada de energia, tomada de USB, interruptor das l\u00e2mpadas,j\u00e1 incluso o chicote de energia, para uma maquiagem e ilumina\u00e7\u00e3o perfeita.<\/li>\n<li>Medida Moldura LxAxP: Largura 91,0 cm &#8211; Altura 68,0 cm &#8211; Profundidade 12,0 cm<\/li>\n<li>Medida do Espelho LxA: Largura 55,0 cm &#8211; Altura 65,0 cm<\/li>\n<li>Cores: Branco, Malbec, Malbec\/Off White<\/li>\n<\/ul>\n","protected":false},"excerpt":{"rendered":"<p>Nova tend\u00eancia do mercado. Modernidade e qualidade tudo em um s\u00f3 produto. Entrada USB, para carregar celular; Tomada para secador de cabelo; L\u00e2mpadas em Led e 2 gavetas enormes para guardar o secador.<\/p>\n","protected":false},"featured_media":6985,"comment_status":"open","ping_status":"closed","template":"","meta":[],"_links":{"self":[{"href":"https:\/\/ninarmoveis.com.br\/index.php?rest_route=\/wp\/v2\/product\/6977"}],"collection":[{"href":"https:\/\/ninarmoveis.com.br\/index.php?rest_route=\/wp\/v2\/product"}],"about":[{"href":"https:\/\/ninarmoveis.com.br\/index.php?rest_route=\/wp\/v2\/types\/product"}],"replies":[{"embeddable":true,"href":"https:\/\/ninarmoveis.com.br\/index.php?rest_route=%2Fwp%2Fv2%2Fcomments&post=6977"}],"wp:featuredmedia":[{"embeddable":true,"href":"https:\/\/ninarmoveis.com.br\/index.php?rest_route=\/wp\/v2\/media\/6985"}],"wp:attachment":[{"href":"https:\/\/ninarmoveis.com.br\/index.php?rest_route=%2Fwp%2Fv2%2Fmedia&parent=6977"}],"curies":[{"name":"wp","href":"https:\/\/api.w.org\/{rel}","templated":true}]}}