{"id":7097,"date":"2020-08-24T14:25:36","date_gmt":"2020-08-24T17:25:36","guid":{"rendered":"http:\/\/sonhosdeninarmoveis.com.br\/?post_type=product&#038;p=7097"},"modified":"2022-03-05T22:24:11","modified_gmt":"2022-03-06T01:24:11","slug":"cama-solteiro-adesivada-varias-personagens","status":"publish","type":"product","link":"https:\/\/ninarmoveis.com.br\/?product=cama-solteiro-adesivada-varias-personagens","title":{"rendered":"Cama Solteiro Adesivada Varias Personagens"},"content":{"rendered":"<p><strong>Cama Princesa Encantada<\/strong><\/p>\n<p><strong>Dimens\u00f5es<\/strong><\/p>\n<ul>\n<li>Altura: 106 cm<\/li>\n<li>Largura: 0,95 cm<\/li>\n<li>Profundidade: 196 cm<\/li>\n<li>Peso bruto: 20 kg<\/li>\n<li><strong>Caracter\u00edsticas:<\/strong><\/li>\n<li>Material: MDF e madeira<\/li>\n<li>Imagens em adesivos<\/li>\n<li>Resist\u00eancia e durabilidade<\/li>\n<li>Suporta at\u00e9 90 kg sem impacto<\/li>\n<li>Utiliza colch\u00e3o de 188&#215;88 cm (Vendido separadamente)<\/li>\n<li>Material do Estrado e Longarinas: Pinnos<\/li>\n<li>P\u00e9s: Em madeira<\/li>\n<li>Cor: Branco<\/li>\n<li>Varias personagens<\/li>\n<\/ul>\n","protected":false},"excerpt":{"rendered":"<p>Ideal para crian\u00e7as e adolescentes em fase de crescimento.<br \/>\nD\u00ea conforto ao seu filho(a) com uma cama espa\u00e7osa e confort\u00e1vel, tudo o que eles precisam para descansar, tendo uma boa noite de sono recuperando as energias para o dia seguinte.<br \/>\nAl\u00e9m do conforto e qualidade, este m\u00f3vel agrega cor e alegria ao ambiente, deixando o quarto colorido e com a personalidade do seu filho(a).<br \/>\nPain\u00e9is e barras em MDF, p\u00e9s e estrado em madeira maci\u00e7a com a resist\u00eancia e durabilidade que voc\u00ea procura.<\/p>\n","protected":false},"featured_media":7110,"comment_status":"open","ping_status":"closed","template":"","meta":[],"_links":{"self":[{"href":"https:\/\/ninarmoveis.com.br\/index.php?rest_route=\/wp\/v2\/product\/7097"}],"collection":[{"href":"https:\/\/ninarmoveis.com.br\/index.php?rest_route=\/wp\/v2\/product"}],"about":[{"href":"https:\/\/ninarmoveis.com.br\/index.php?rest_route=\/wp\/v2\/types\/product"}],"replies":[{"embeddable":true,"href":"https:\/\/ninarmoveis.com.br\/index.php?rest_route=%2Fwp%2Fv2%2Fcomments&post=7097"}],"wp:featuredmedia":[{"embeddable":true,"href":"https:\/\/ninarmoveis.com.br\/index.php?rest_route=\/wp\/v2\/media\/7110"}],"wp:attachment":[{"href":"https:\/\/ninarmoveis.com.br\/index.php?rest_route=%2Fwp%2Fv2%2Fmedia&parent=7097"}],"curies":[{"name":"wp","href":"https:\/\/api.w.org\/{rel}","templated":true}]}}