{"id":7195,"date":"2020-08-27T17:47:49","date_gmt":"2020-08-27T20:47:49","guid":{"rendered":"http:\/\/sonhosdeninarmoveis.com.br\/?post_type=product&#038;p=7195"},"modified":"2021-10-07T12:46:23","modified_gmt":"2021-10-07T15:46:23","slug":"berco-moises-peroba","status":"publish","type":"product","link":"https:\/\/ninarmoveis.com.br\/?product=berco-moises-peroba","title":{"rendered":"Ber\u00e7o Mois\u00e9s Peroba"},"content":{"rendered":"<p><b>Mois\u00e9s<\/b><strong>\u00a0Mini<\/strong><\/p>\n<ul>\n<li>Altura: 97 cm<\/li>\n<li>Comprimento: 88 cm<\/li>\n<li>Profundidade: 52 cm<\/li>\n<li>Peso: 18,5 kg<\/li>\n<li><strong>Caracter\u00edsticas:<\/strong><\/li>\n<li>Material: Produzido em 100% MDF<\/li>\n<li>Certificado pelo INMETRO<\/li>\n<li>4 Rod\u00edzios ABS com trava<\/li>\n<li>Acabamento em pintura UV Brilho<\/li>\n<li>Todas as pe\u00e7as possuem cantos arredondadas<\/li>\n<li>Ber\u00e7o ideal para os primeiros meses de vida do beb\u00ea<\/li>\n<li>Acompanha colch\u00e3o<\/li>\n<li>Suporta at\u00e9 40 kg<\/li>\n<li>Cor: Branco Brilho, Carvalho<\/li>\n<\/ul>\n","protected":false},"excerpt":{"rendered":"<p>O Mini Ber\u00e7o Moises Peroba M\u00f3veis \u00e9 pr\u00e1tico e funcional. Ocupa pouco espa\u00e7o e pode ser levado para qualquer c\u00f4modo da casa para ter seu beb\u00ea sempre por perto. \u00c9 muito utilizado ao lado da cama dos Pais, uma praticidade para n\u00e3o precisar levantar no meio da noite. Possui grade fixa, 4 rod\u00edzios sendo 2 com travas, certificado pelo Inmetro. Produzido em 100% MDF. Colch\u00e3o incluso.<\/p>\n","protected":false},"featured_media":7199,"comment_status":"open","ping_status":"closed","template":"","meta":[],"_links":{"self":[{"href":"https:\/\/ninarmoveis.com.br\/index.php?rest_route=\/wp\/v2\/product\/7195"}],"collection":[{"href":"https:\/\/ninarmoveis.com.br\/index.php?rest_route=\/wp\/v2\/product"}],"about":[{"href":"https:\/\/ninarmoveis.com.br\/index.php?rest_route=\/wp\/v2\/types\/product"}],"replies":[{"embeddable":true,"href":"https:\/\/ninarmoveis.com.br\/index.php?rest_route=%2Fwp%2Fv2%2Fcomments&post=7195"}],"wp:featuredmedia":[{"embeddable":true,"href":"https:\/\/ninarmoveis.com.br\/index.php?rest_route=\/wp\/v2\/media\/7199"}],"wp:attachment":[{"href":"https:\/\/ninarmoveis.com.br\/index.php?rest_route=%2Fwp%2Fv2%2Fmedia&parent=7195"}],"curies":[{"name":"wp","href":"https:\/\/api.w.org\/{rel}","templated":true}]}}