{"id":7204,"date":"2020-09-01T10:41:55","date_gmt":"2020-09-01T13:41:55","guid":{"rendered":"http:\/\/sonhosdeninarmoveis.com.br\/?post_type=product&#038;p=7204"},"modified":"2021-05-05T18:35:05","modified_gmt":"2021-05-05T21:35:05","slug":"boneca-metoo-angela-angel","status":"publish","type":"product","link":"https:\/\/ninarmoveis.com.br\/?product=boneca-metoo-angela-angel","title":{"rendered":"Boneca Metoo Angela Angel"},"content":{"rendered":"<p><strong>Caracter\u00edsticas da Mini Boneca Angela da Metoo:<\/strong><\/p>\n<ul>\n<li>Composi\u00e7\u00e3o 100% poli\u00e9ster, enchimento 100% fibra de poli\u00e9ster.<\/li>\n<li>\u00a0Tamanho aproximado 33 cm.<\/li>\n<li>Conserva\u00e7\u00e3o: lavar com sab\u00e3o neutro e \u00e1gua fria.<\/li>\n<li>\u00a0N\u00e3o Alvejar. N\u00e3o lavar \u00e0 m\u00e1quina.<\/li>\n<li>\u00a0Validade Indeterminada.<\/li>\n<li>\u00a0Possui selo antifraude e toda a seguran\u00e7a comprovada pelo INMETRO. Somente as bonequinhas oficiais cont\u00e9m o selo do INMETRO e tamb\u00e9m o Selo Antifraude que dar\u00e3o a seguran\u00e7a sobre a qualidade e originalidade do produto.<\/li>\n<\/ul>\n","protected":false},"excerpt":{"rendered":"<p>A <a href=\"https:\/\/bonecasmetoo.com.br\/modelos\/boneca-angela-metoo\/\"><strong>Boneca Angela Angel da Metoo<\/strong><\/a> tem olhos sonolentos, bochechas rosadas, orelhas de coelhinha e um vestido fofo. Al\u00e9m de se tornar uma\u00a0companhia insepar\u00e1vel, s\u00e3o uma excelente op\u00e7\u00e3o para decorar ambientes infantis, presentear crian\u00e7as e beb\u00eas. Perfeita para dormir abra\u00e7adinho, os beb\u00eas adoram. E o melhor: s\u00e3o colecion\u00e1veis. N\u00e3o deixe de ter os outros modelos, um\u00a0mais lindo que o outro. Esta boneca charmosa \u00e9 um presente perfeito para qualquer menina! As bonequinhas Metoo, dentre outros acess\u00f3rios fofos, v\u00e3o marcar a inf\u00e2ncia das crian\u00e7as. A Metoo Angela\u00a0\u00a0\u00e9 uma bonequinha t\u00e3o linda que d\u00e1 vontade de apertar s\u00f3 de olhar.<\/p>\n","protected":false},"featured_media":7210,"comment_status":"open","ping_status":"closed","template":"","meta":[],"_links":{"self":[{"href":"https:\/\/ninarmoveis.com.br\/index.php?rest_route=\/wp\/v2\/product\/7204"}],"collection":[{"href":"https:\/\/ninarmoveis.com.br\/index.php?rest_route=\/wp\/v2\/product"}],"about":[{"href":"https:\/\/ninarmoveis.com.br\/index.php?rest_route=\/wp\/v2\/types\/product"}],"replies":[{"embeddable":true,"href":"https:\/\/ninarmoveis.com.br\/index.php?rest_route=%2Fwp%2Fv2%2Fcomments&post=7204"}],"wp:featuredmedia":[{"embeddable":true,"href":"https:\/\/ninarmoveis.com.br\/index.php?rest_route=\/wp\/v2\/media\/7210"}],"wp:attachment":[{"href":"https:\/\/ninarmoveis.com.br\/index.php?rest_route=%2Fwp%2Fv2%2Fmedia&parent=7204"}],"curies":[{"name":"wp","href":"https:\/\/api.w.org\/{rel}","templated":true}]}}