{"id":7342,"date":"2020-09-02T15:23:27","date_gmt":"2020-09-02T18:23:27","guid":{"rendered":"http:\/\/sonhosdeninarmoveis.com.br\/?post_type=product&#038;p=7342"},"modified":"2022-03-05T16:08:57","modified_gmt":"2022-03-05T19:08:57","slug":"cama-baba-juliana-reller","status":"publish","type":"product","link":"https:\/\/ninarmoveis.com.br\/?product=cama-baba-juliana-reller","title":{"rendered":"Cama Bab\u00e1 Juliana Reller"},"content":{"rendered":"<p><strong>Dimens\u00f5es:<\/strong><\/p>\n<ul>\n<li>Peso: 55 Kg<\/li>\n<li>Altura: 90 cm<\/li>\n<li>Largura: 217 cm<\/li>\n<li>Profundidade: 97 cm &#8211;<\/li>\n<li><strong>Principais Caracter\u00edsticas<\/strong><\/li>\n<li>Bordas boleadas e laqueadas com tinta at\u00f3xica;<\/li>\n<li>Cabeceira Lisa;<\/li>\n<li>Estrado de madeira reflorestada;<\/li>\n<li>Grade de prote\u00e7\u00e3o;<\/li>\n<li>04 Rod\u00edzios na cama auxiliar;<\/li>\n<li>Acabamento UV Branco Fosco e Mezzo Fosco (At\u00f3xico);<\/li>\n<li>Colch\u00e3o Recomendado para cama superior: 188&#215;88 cm Espessura Livre;<\/li>\n<li>Colch\u00e3o Recomendado para cama auxiliar: 188&#215;88 cm;<\/li>\n<li>Acompanha auxiliar<\/li>\n<li>Cor: Branco Brilho, Branco Fosco\/Mezzo Fosco<\/li>\n<\/ul>\n","protected":false},"excerpt":{"rendered":"<p>A cama bab\u00e1 \u00e9 sempre uma boa escolha para as mam\u00e3es que desejam ter um momento especial na hora do soninho. Projetada para colch\u00f5es padr\u00e3o solteiro (188&#215;88) se encaixa em qualquer ambiente.<\/p>\n","protected":false},"featured_media":7347,"comment_status":"open","ping_status":"closed","template":"","meta":[],"_links":{"self":[{"href":"https:\/\/ninarmoveis.com.br\/index.php?rest_route=\/wp\/v2\/product\/7342"}],"collection":[{"href":"https:\/\/ninarmoveis.com.br\/index.php?rest_route=\/wp\/v2\/product"}],"about":[{"href":"https:\/\/ninarmoveis.com.br\/index.php?rest_route=\/wp\/v2\/types\/product"}],"replies":[{"embeddable":true,"href":"https:\/\/ninarmoveis.com.br\/index.php?rest_route=%2Fwp%2Fv2%2Fcomments&post=7342"}],"wp:featuredmedia":[{"embeddable":true,"href":"https:\/\/ninarmoveis.com.br\/index.php?rest_route=\/wp\/v2\/media\/7347"}],"wp:attachment":[{"href":"https:\/\/ninarmoveis.com.br\/index.php?rest_route=%2Fwp%2Fv2%2Fmedia&parent=7342"}],"curies":[{"name":"wp","href":"https:\/\/api.w.org\/{rel}","templated":true}]}}