{"id":7349,"date":"2020-09-02T15:38:52","date_gmt":"2020-09-02T18:38:52","guid":{"rendered":"http:\/\/sonhosdeninarmoveis.com.br\/?post_type=product&#038;p=7349"},"modified":"2021-05-05T18:28:51","modified_gmt":"2021-05-05T21:28:51","slug":"kit-nicho-triplo-juju","status":"publish","type":"product","link":"https:\/\/ninarmoveis.com.br\/?product=kit-nicho-triplo-juju","title":{"rendered":"Kit Nicho Triplo Juju"},"content":{"rendered":"<ul>\n<li><strong>Caracter\u00edsticas t\u00e9cnicas: <\/strong><\/li>\n<li>03 Nichos por embalagem<\/li>\n<li>100% MDF<\/li>\n<li>Acabamento UV (at\u00f3xico)<\/li>\n<li>Dimens\u00f5es do produto montado:<\/li>\n<li>Altura: 30 cm<\/li>\n<li>Largura: 30 cm<\/li>\n<li>Profundidade: 20 cm<\/li>\n<li>Peso do produto: 7,5 kg<\/li>\n<li>Cores: Branco Brilho, Branco Fosco, Mezzo Fosco<\/li>\n<\/ul>\n","protected":false},"excerpt":{"rendered":"<p>Caracter\u00edsticas t\u00e9cnicas: 03 Nichos por embalagem 100% MDF Acabamento UV (at\u00f3xico) Dimens\u00f5es do produto montado: Altura: 30 cm Largura: 30 cm Profundidade: 20 cm Peso do produto: 7,5 kg Cores: Branco Brilho, Branco Fosco, Mezzo Fosco<\/p>\n","protected":false},"featured_media":7354,"comment_status":"open","ping_status":"closed","template":"","meta":[],"_links":{"self":[{"href":"https:\/\/ninarmoveis.com.br\/index.php?rest_route=\/wp\/v2\/product\/7349"}],"collection":[{"href":"https:\/\/ninarmoveis.com.br\/index.php?rest_route=\/wp\/v2\/product"}],"about":[{"href":"https:\/\/ninarmoveis.com.br\/index.php?rest_route=\/wp\/v2\/types\/product"}],"replies":[{"embeddable":true,"href":"https:\/\/ninarmoveis.com.br\/index.php?rest_route=%2Fwp%2Fv2%2Fcomments&post=7349"}],"wp:featuredmedia":[{"embeddable":true,"href":"https:\/\/ninarmoveis.com.br\/index.php?rest_route=\/wp\/v2\/media\/7354"}],"wp:attachment":[{"href":"https:\/\/ninarmoveis.com.br\/index.php?rest_route=%2Fwp%2Fv2%2Fmedia&parent=7349"}],"curies":[{"name":"wp","href":"https:\/\/api.w.org\/{rel}","templated":true}]}}