{"id":7398,"date":"2020-09-14T09:46:02","date_gmt":"2020-09-14T12:46:02","guid":{"rendered":"http:\/\/sonhosdeninarmoveis.com.br\/?post_type=product&#038;p=7398"},"modified":"2021-05-05T18:18:22","modified_gmt":"2021-05-05T21:18:22","slug":"nicho-million","status":"publish","type":"product","link":"https:\/\/ninarmoveis.com.br\/?product=nicho-million","title":{"rendered":"Nicho Million Patrimar"},"content":{"rendered":"<ul>\n<li><strong>Dimens\u00f5es do Produto Montado:<\/strong><\/li>\n<li>Altura: 45 cm<\/li>\n<li>Largura: 124,5 cm<\/li>\n<li>Profundidade: 22 cm<\/li>\n<li>Peso:10,6 kg<\/li>\n<li>Versatilidade: pode ser colocado na vertical ou na horizontal<\/li>\n<li>\u00a0Caracter\u00edsticas: Estrutura em MDP<\/li>\n<\/ul>\n","protected":false},"excerpt":{"rendered":"<p>O Nicho Mllion \u2013 Patrimar M\u00f3veis, \u00e9 muito usado para expor objetos pessoais e decora\u00e7\u00e3o, produzido com materiais de qualidade garantindo mais resist\u00eancia e agregando maior vida \u00fatil ao seu m\u00f3vel, mantendo-o bonito e conservado por mais tempo.<\/p>\n","protected":false},"featured_media":7411,"comment_status":"open","ping_status":"closed","template":"","meta":[],"_links":{"self":[{"href":"https:\/\/ninarmoveis.com.br\/index.php?rest_route=\/wp\/v2\/product\/7398"}],"collection":[{"href":"https:\/\/ninarmoveis.com.br\/index.php?rest_route=\/wp\/v2\/product"}],"about":[{"href":"https:\/\/ninarmoveis.com.br\/index.php?rest_route=\/wp\/v2\/types\/product"}],"replies":[{"embeddable":true,"href":"https:\/\/ninarmoveis.com.br\/index.php?rest_route=%2Fwp%2Fv2%2Fcomments&post=7398"}],"wp:featuredmedia":[{"embeddable":true,"href":"https:\/\/ninarmoveis.com.br\/index.php?rest_route=\/wp\/v2\/media\/7411"}],"wp:attachment":[{"href":"https:\/\/ninarmoveis.com.br\/index.php?rest_route=%2Fwp%2Fv2%2Fmedia&parent=7398"}],"curies":[{"name":"wp","href":"https:\/\/api.w.org\/{rel}","templated":true}]}}