{"id":7412,"date":"2020-09-14T10:28:51","date_gmt":"2020-09-14T13:28:51","guid":{"rendered":"http:\/\/sonhosdeninarmoveis.com.br\/?post_type=product&#038;p=7412"},"modified":"2021-05-05T13:42:20","modified_gmt":"2021-05-05T16:42:20","slug":"penteadeira-princesa-patrimar","status":"publish","type":"product","link":"https:\/\/ninarmoveis.com.br\/?product=penteadeira-princesa-patrimar","title":{"rendered":"Penteadeira Princesa -Patrimar"},"content":{"rendered":"<p><strong>Dimens\u00f5es<\/strong><\/p>\n<ul>\n<li>Altura: 136 cm<\/li>\n<li>Largura: 96 cm<\/li>\n<li>Profundidade: 36 cm<\/li>\n<li>Peso: 27 kg<\/li>\n<li>Material: 100% MDF<\/li>\n<li>4 Gavetas e espa\u00e7os suficientes para guardar e organizar suas maquiagens, perfumes, cremes e muito mais<\/li>\n<li>Conta tamb\u00e9m, com um amplo espelho, \u00f3timo para te ajudar na hora de se maquiar e at\u00e9 mesmo se admirar<\/li>\n<li>Seu tampo possui 96 cm de largura tem espa\u00e7o para dispor alguns objetos decorativos para deixar o ambiente com a sua cara.<\/li>\n<li>O toucador acompanha banqueta e \u00e9 produzido em MDF e MDP, chapas de madeira resistentes que d\u00e3o ao produto resist\u00eancia, seu acabamento com tinta pintura ultravioleta brilho s\u00f3 deixa essa pe\u00e7a ainda mais charmosa e com aspecto de nova por muito mais tempo!<\/li>\n<\/ul>\n","protected":false},"excerpt":{"rendered":"<div class=\"product-description\">\n<p class=\"description\">Com a Penteadeira Princesa, os momentos de lazer e descontra\u00e7\u00e3o ser\u00e3o repletos de possibilidades. Al\u00e9m de possuir um ar delicado, digno de um quarto de princesa, a brincadeira \u00e9 garantida. \u00c9 produzida em MDF e acompanha um banquinho. A Patrimar pensou e criou a Penteadeira Princesa para que a mulher tenha um espa\u00e7o s\u00f3 para ela, para se arrumar e se transformar numa verdadeira dama. Agora o camarim pode ficar bem no seu quarto!<\/p>\n<\/div>\n","protected":false},"featured_media":7413,"comment_status":"open","ping_status":"closed","template":"","meta":[],"_links":{"self":[{"href":"https:\/\/ninarmoveis.com.br\/index.php?rest_route=\/wp\/v2\/product\/7412"}],"collection":[{"href":"https:\/\/ninarmoveis.com.br\/index.php?rest_route=\/wp\/v2\/product"}],"about":[{"href":"https:\/\/ninarmoveis.com.br\/index.php?rest_route=\/wp\/v2\/types\/product"}],"replies":[{"embeddable":true,"href":"https:\/\/ninarmoveis.com.br\/index.php?rest_route=%2Fwp%2Fv2%2Fcomments&post=7412"}],"wp:featuredmedia":[{"embeddable":true,"href":"https:\/\/ninarmoveis.com.br\/index.php?rest_route=\/wp\/v2\/media\/7413"}],"wp:attachment":[{"href":"https:\/\/ninarmoveis.com.br\/index.php?rest_route=%2Fwp%2Fv2%2Fmedia&parent=7412"}],"curies":[{"name":"wp","href":"https:\/\/api.w.org\/{rel}","templated":true}]}}