{"id":7426,"date":"2020-09-14T12:39:51","date_gmt":"2020-09-14T15:39:51","guid":{"rendered":"http:\/\/sonhosdeninarmoveis.com.br\/?post_type=product&#038;p=7426"},"modified":"2022-03-05T16:05:59","modified_gmt":"2022-03-05T19:05:59","slug":"livreiro-encanto-patrimar","status":"publish","type":"product","link":"https:\/\/ninarmoveis.com.br\/?product=livreiro-encanto-patrimar","title":{"rendered":"Livreiro Encanto-Patrimar"},"content":{"rendered":"<ul>\n<li><strong>Dimens\u00f5es do Produto Montado:<\/strong><\/li>\n<li>Altura: 174,5 cm<\/li>\n<li>Largura: 63 cm<\/li>\n<li>Profundidade: 32 cm<\/li>\n<li>Peso: 26,2 kg<\/li>\n<li><strong>Caracter\u00edsticas:<\/strong><\/li>\n<li>Produzido em MDF e MDP de qualidade;<\/li>\n<li>Espa\u00e7o entre as prateleiras 305 mm;<\/li>\n<li>Pintura ultravioleta com acabamento fosco;<\/li>\n<li>Vers\u00e1til<\/li>\n<li>Cores: Branco, Branco\/Nature, Nature, Verde Belagio<\/li>\n<\/ul>\n","protected":false},"excerpt":{"rendered":"<p>Livreiro Encanto \u00e9 vers\u00e1til com suas prateleiras inteligentes, tudo que voc\u00ea precisa para deixar seu escrit\u00f3rio, quarto mais organizado.<br \/>\nPossui amplo espa\u00e7o para guardar seus livros, itens como brinquedos, objetos de decora\u00e7\u00e3o entre outros objetos. Aproveite sua imagina\u00e7\u00e3o e transforme seu espa\u00e7o ainda mais elegante.<\/p>\n","protected":false},"featured_media":7446,"comment_status":"open","ping_status":"closed","template":"","meta":[],"_links":{"self":[{"href":"https:\/\/ninarmoveis.com.br\/index.php?rest_route=\/wp\/v2\/product\/7426"}],"collection":[{"href":"https:\/\/ninarmoveis.com.br\/index.php?rest_route=\/wp\/v2\/product"}],"about":[{"href":"https:\/\/ninarmoveis.com.br\/index.php?rest_route=\/wp\/v2\/types\/product"}],"replies":[{"embeddable":true,"href":"https:\/\/ninarmoveis.com.br\/index.php?rest_route=%2Fwp%2Fv2%2Fcomments&post=7426"}],"wp:featuredmedia":[{"embeddable":true,"href":"https:\/\/ninarmoveis.com.br\/index.php?rest_route=\/wp\/v2\/media\/7446"}],"wp:attachment":[{"href":"https:\/\/ninarmoveis.com.br\/index.php?rest_route=%2Fwp%2Fv2%2Fmedia&parent=7426"}],"curies":[{"name":"wp","href":"https:\/\/api.w.org\/{rel}","templated":true}]}}