{"id":7485,"date":"2020-09-23T16:43:09","date_gmt":"2020-09-23T19:43:09","guid":{"rendered":"http:\/\/sonhosdeninarmoveis.com.br\/?post_type=product&#038;p=7485"},"modified":"2021-05-05T18:02:48","modified_gmt":"2021-05-05T21:02:48","slug":"quarto-completo-alegria-henn","status":"publish","type":"product","link":"https:\/\/ninarmoveis.com.br\/?product=quarto-completo-alegria-henn","title":{"rendered":"Quarto Completo Alegria Henn"},"content":{"rendered":"<p><strong>Roupeiro Alegria<\/strong><\/p>\n<ul>\n<li><strong>Dimens\u00f5es:<\/strong><\/li>\n<li>Altura: 220,5 cm<\/li>\n<li>Largura: 140 cm<\/li>\n<li>Profundidade: 43 cm<\/li>\n<li>Peso: 107 kg<\/li>\n<li><strong>Caracter\u00edsticas:<\/strong><br \/>\n<strong>\u2022\u00a0<\/strong>Estrutura em 100% MDF<br \/>\n\u2022 Pintura UV\/PU (Fosco)<br \/>\n\u2022 4 portas com dobradi\u00e7as met\u00e1licas<br \/>\n\u2022 4 gavetas com corredi\u00e7as telesc\u00f3picas<br \/>\n\u2022 Detalhes nas portas e gavetas usinadas com cava para pega (puxador)<br \/>\n\u2022 Prateleiras internas<br \/>\n\u2022 Cabideiro em alum\u00ednio<br \/>\n\u2022 Puxadores, rodap\u00e9s e p\u00e9s resistentes em madeira<\/li>\n<li>Cor: Branco Fosco, Cinza<\/li>\n<\/ul>\n<p><strong>Comoda Alegria<\/strong><\/p>\n<ul>\n<li>Largura: 98 Cm<\/li>\n<li>Altura: 92 cm<\/li>\n<li>Profundidade: 41,5 cm<\/li>\n<li>Peso: 39 kg<\/li>\n<li><strong>Caracter\u00edsticas:<\/strong><\/li>\n<li>Material: 100% MDF<\/li>\n<li>Alta resist\u00eancia mec\u00e2nica e durabilidade<\/li>\n<li>4 Gavetas<\/li>\n<li>Corredi\u00e7as telesc\u00f3picas<\/li>\n<li>1 Prateleira interna<\/li>\n<li>P\u00e9s, rodap\u00e9 e puxadores de madeira<\/li>\n<li>Portas e gavetas usinadas com cava para pega\/puxador<\/li>\n<li>Pintura em acabamento fosco<\/li>\n<li>Tampo com Bordas arredondadas<\/li>\n<li>Cor: Branco fosco, Cinza<\/li>\n<\/ul>\n<h3><strong>B<\/strong><strong>er\u00e7o Alegria<\/strong><\/h3>\n<ul>\n<li><strong>Dimens\u00f5es<\/strong><\/li>\n<li>Largura: 133,5 cm<\/li>\n<li>Altura: 89,5 cm<\/li>\n<li>Profundidade: 78,5 cm<\/li>\n<li>Peso; 50 kg<\/li>\n<li><strong>Caracter\u00edsticas<\/strong><\/li>\n<li>Estrutura em MDF de 25, 15 e 12 mm<\/li>\n<li>Pintura UV\/PU (Fosco)<\/li>\n<li>Estrado resistente em madeira, grades fixas<\/li>\n<li>Suporte para mosqueteiro<\/li>\n<li>Suporta at\u00e9 30 Kg<\/li>\n<li>Prateleiras internas<\/li>\n<li>Ideal para colch\u00e3o 70 x 130 cm<\/li>\n<li>Cor: Branco fosco, Cinza<\/li>\n<\/ul>\n","protected":false},"excerpt":{"rendered":"<p>Quarto de Beb\u00ea Completo Alegria<br \/>\nPara voc\u00eas pais que desejam um quarto para o beb\u00ea onde a decora\u00e7\u00e3o seja impec\u00e1vel e que o aconchego seja o ponto m\u00e1ximo desse ambiente, ent\u00e3o o quarto completo Alegria \u00e9 a escolha certa! Com m\u00f3veis lindos, onde as portas contam com usinagens em cava de Madeira, com recortes inspirados nos m\u00f3veis cl\u00e1ssicos, mas com ar de modernidade. O quarto do beb\u00ea ficar\u00e1 dos sonhos! Com Ber\u00e7o 3 em 1, onde a estrutura se transforma em Mini Cama montessoriano, ou seja, rente ao ch\u00e3o, onde a crian\u00e7a por si s\u00f3, descobrir\u00e1 as aventuras do subir na cama e do brincar, e Mini Cama com pezinhos. O Guarda Roupa conta com 4 portas, 4 gavetas, 1 cabideiro, maleiro e 4 nichos, espa\u00e7o para voc\u00ea guardar todas as roupas dobradas e penduradas. Para finalizar, 1 linda c\u00f4moda, com 4 gavetas e 1 porta com 2 nichos internos, \u00e9 espa\u00e7o que n\u00e3o acaba mais&#8230; imagina quando seu beb\u00ea estiver nesse quartinho com esses m\u00f3veis completando esse ambiente cheio de amor e ternura&#8230;<\/p>\n<p>M\u00e9todo Montessoriano:<br \/>\nEsse \u00e9 um m\u00e9todo defendido por Maria Montessori que defendia que o aprendizado de toda crian\u00e7a, seja em qualquer campo, deve ser de forma livre e natural. O mundo das crian\u00e7as deve estar ao seu alcance. Sabemos que se ela puder contar com o meio adequado, pode desenvolver quase tudo de forma independente e livre. Por isso, usamos materiais espec\u00edficos, dimens\u00f5es ao seu alcance, para que a crian\u00e7a tenha a chance de perceber suas pr\u00f3prias descobertas, seus pr\u00f3prios acertos e erros. Com liberdade cada vez maior de escolha, e total liberdade para repetir quantas vezes quiser cada exerc\u00edcio, cada aprendizado, a crian\u00e7a auto educa-se constantemente e com sucesso.<\/p>\n","protected":false},"featured_media":7489,"comment_status":"open","ping_status":"closed","template":"","meta":[],"_links":{"self":[{"href":"https:\/\/ninarmoveis.com.br\/index.php?rest_route=\/wp\/v2\/product\/7485"}],"collection":[{"href":"https:\/\/ninarmoveis.com.br\/index.php?rest_route=\/wp\/v2\/product"}],"about":[{"href":"https:\/\/ninarmoveis.com.br\/index.php?rest_route=\/wp\/v2\/types\/product"}],"replies":[{"embeddable":true,"href":"https:\/\/ninarmoveis.com.br\/index.php?rest_route=%2Fwp%2Fv2%2Fcomments&post=7485"}],"wp:featuredmedia":[{"embeddable":true,"href":"https:\/\/ninarmoveis.com.br\/index.php?rest_route=\/wp\/v2\/media\/7489"}],"wp:attachment":[{"href":"https:\/\/ninarmoveis.com.br\/index.php?rest_route=%2Fwp%2Fv2%2Fmedia&parent=7485"}],"curies":[{"name":"wp","href":"https:\/\/api.w.org\/{rel}","templated":true}]}}