{"id":7531,"date":"2020-10-20T17:49:21","date_gmt":"2020-10-20T20:49:21","guid":{"rendered":"https:\/\/sonhosdeninarmoveis.com.br\/?post_type=product&#038;p=7531"},"modified":"2022-09-20T12:13:34","modified_gmt":"2022-09-20T15:13:34","slug":"cama-carruagem-encantada-star-rosa","status":"publish","type":"product","link":"https:\/\/ninarmoveis.com.br\/?product=cama-carruagem-encantada-star-rosa","title":{"rendered":"Cama Carruagem encantada Star Rosa"},"content":{"rendered":"<p><b>Dimens\u00f5es<\/b><br \/>\nPeso: 29,3 kg<br \/>\nAltura: 52,4 cm<br \/>\nLargura: 193,6 cm<br \/>\nProfundidade: 92,6 cm<\/p>\n<ul>\n<li><b>Caracter\u00edsticas<\/b><\/li>\n<li>Rosa<\/li>\n<li>Estrutura: MDF<\/li>\n<li>Acabamento: Pintura at\u00f3xica<\/li>\n<li>Laterais funcionam como grades de prote\u00e7\u00e3o<\/li>\n<li>Pedra decorativas<\/li>\n<li>Imagens em impress\u00e3o digital de alta qualidade<\/li>\n<li>Estrados refor\u00e7ados<\/li>\n<li>Para colch\u00e3o 88&#215;188 cm (n\u00e3o incluso)<\/li>\n<li>Peso suportado: 90 kg<\/li>\n<li>Produto entregue desmontado<\/li>\n<li>Marca: Pura Magia<\/li>\n<li><b>Garantia<\/b><br \/>\n3 meses para defeito de f\u00e1brica<\/li>\n<\/ul>\n","protected":false},"excerpt":{"rendered":"<p><strong>Cama Infantil Carruagem Encantada Star-Pura Magia<\/strong><br \/>\nCom a Cama Carruagem Encantada sua pequena ter\u00e1 o quarto dos sonhos. Com detalhes rom\u00e2nticos e delicados, sua filha vai se sentir uma verdadeira princesa. A cama possui serigrafias tem\u00e1ticas e pedras decorativas que d\u00e3o o toque de realeza para a cama. O encanto do universo das princesas direto para o quarto das pequenas. Produto 100% MDF. Laterais funcionam como grades de prote\u00e7\u00e3o. Imagens em serigrafia ou impress\u00e3o digital de alta qualidade. Pedras decorativas (pl\u00e1sticas). Estrados refor\u00e7ados. Resist\u00eancia e durabilidade. Pintura at\u00f3xica. Suporta at\u00e9 90 Kg sem impacto.<\/p>\n","protected":false},"featured_media":7532,"comment_status":"open","ping_status":"closed","template":"","meta":[],"_links":{"self":[{"href":"https:\/\/ninarmoveis.com.br\/index.php?rest_route=\/wp\/v2\/product\/7531"}],"collection":[{"href":"https:\/\/ninarmoveis.com.br\/index.php?rest_route=\/wp\/v2\/product"}],"about":[{"href":"https:\/\/ninarmoveis.com.br\/index.php?rest_route=\/wp\/v2\/types\/product"}],"replies":[{"embeddable":true,"href":"https:\/\/ninarmoveis.com.br\/index.php?rest_route=%2Fwp%2Fv2%2Fcomments&post=7531"}],"wp:featuredmedia":[{"embeddable":true,"href":"https:\/\/ninarmoveis.com.br\/index.php?rest_route=\/wp\/v2\/media\/7532"}],"wp:attachment":[{"href":"https:\/\/ninarmoveis.com.br\/index.php?rest_route=%2Fwp%2Fv2%2Fmedia&parent=7531"}],"curies":[{"name":"wp","href":"https:\/\/api.w.org\/{rel}","templated":true}]}}