{"id":7565,"date":"2021-03-29T00:44:21","date_gmt":"2021-03-29T03:44:21","guid":{"rendered":"https:\/\/ninarmoveis.com.br\/?post_type=product&#038;p=7565"},"modified":"2021-10-07T12:17:34","modified_gmt":"2021-10-07T15:17:34","slug":"penteadeira-camarim-lara-potente","status":"publish","type":"product","link":"https:\/\/ninarmoveis.com.br\/?product=penteadeira-camarim-lara-potente","title":{"rendered":"Penteadeira Camarim Lara Potente"},"content":{"rendered":"<ul>\n<li><strong>Caracter\u00edsticas do Produto<\/strong><\/li>\n<li>Produzido em MDF;<\/li>\n<li>\u00a0LED;<\/li>\n<li>\u00a0Interruptor;<\/li>\n<li>\u00a0Espelho<\/li>\n<li>Moldura 66 cm x 95 cm x 1,5 cm<\/li>\n<li>\u00a005 Gavetas;<\/li>\n<li>Puxadores em madeira<\/li>\n<li>\u00a0Corredi\u00e7as telesc\u00f3picas;<\/li>\n<li>\u00a0Vidro Temperado 4mm;<\/li>\n<li>Gaveta Central com Colmeia<\/li>\n<li>Acompanha assento<\/li>\n<li>Cor: Branco Brilho e Rose<\/li>\n<\/ul>\n<ul>\n<li><strong>Dimens\u00f5es:<\/strong><\/li>\n<li>Altura: 1,46 cm<\/li>\n<li>Largura: 0,97 cm<\/li>\n<li>Profundidade: 0,47 cm<\/li>\n<li>Peso: 45 Kg<\/li>\n<\/ul>\n","protected":false},"excerpt":{"rendered":"<p style=\"text-align: left;\">Linda Penteadeira Camarim Lara da Potente Moveis com espelho led e porta joias com vidro, desenvolvida para atender as pessoas mais exigentes que n\u00e3o abrem m\u00e3o de uma \u00f3tima ilumina\u00e7\u00e3o e um espa\u00e7o amplo para escolher suas maquiagens , e o melhor de tudo e poder escolher o que ira usar sem precisar abrir a gaveta central a mesma tem vidro central para facilitar sua vida.<\/p>\n","protected":false},"featured_media":7582,"comment_status":"open","ping_status":"closed","template":"","meta":[],"_links":{"self":[{"href":"https:\/\/ninarmoveis.com.br\/index.php?rest_route=\/wp\/v2\/product\/7565"}],"collection":[{"href":"https:\/\/ninarmoveis.com.br\/index.php?rest_route=\/wp\/v2\/product"}],"about":[{"href":"https:\/\/ninarmoveis.com.br\/index.php?rest_route=\/wp\/v2\/types\/product"}],"replies":[{"embeddable":true,"href":"https:\/\/ninarmoveis.com.br\/index.php?rest_route=%2Fwp%2Fv2%2Fcomments&post=7565"}],"wp:featuredmedia":[{"embeddable":true,"href":"https:\/\/ninarmoveis.com.br\/index.php?rest_route=\/wp\/v2\/media\/7582"}],"wp:attachment":[{"href":"https:\/\/ninarmoveis.com.br\/index.php?rest_route=%2Fwp%2Fv2%2Fmedia&parent=7565"}],"curies":[{"name":"wp","href":"https:\/\/api.w.org\/{rel}","templated":true}]}}