{"id":7591,"date":"2021-04-12T18:09:53","date_gmt":"2021-04-12T21:09:53","guid":{"rendered":"https:\/\/ninarmoveis.com.br\/?post_type=product&#038;p=7591"},"modified":"2021-10-07T12:06:50","modified_gmt":"2021-10-07T15:06:50","slug":"berco-multifuncional-vitoria-reller","status":"publish","type":"product","link":"https:\/\/ninarmoveis.com.br\/?product=berco-multifuncional-vitoria-reller","title":{"rendered":"Ber\u00e7o Multifuncional Vit\u00f3ria  Reller"},"content":{"rendered":"<p><center><b>Dimens\u00f5es:\u00a0 \u00a0 \u00a0 \u00a0 \u00a0 \u00a0 \u00a0 \u00a0 \u00a0 \u00a0 \u00a0 \u00a0 \u00a0 \u00a0 \u00a0 \u00a0 \u00a0 \u00a0 \u00a0 \u00a0 \u00a0 \u00a0 \u00a0 \u00a0 \u00a0 \u00a0 \u00a0 \u00a0 \u00a0 \u00a0 \u00a0 \u00a0 \u00a0 \u00a0 \u00a0 \u00a0 \u00a0 \u00a0 \u00a0 \u00a0 \u00a0 \u00a0 \u00a0 \u00a0 \u00a0 \u00a0 \u00a0 \u00a0 \u00a0 \u00a0 \u00a0 \u00a0 \u00a0 \u00a0 \u00a0 \u00a0 \u00a0 \u00a0 \u00a0 \u00a0 \u00a0 \u00a0 \u00a0 \u00a0 \u00a0 \u00a0 \u00a0 \u00a0 \u00a0 \u00a0 \u00a0 \u00a0 \u00a0 \u00a0 \u00a0 \u00a0 \u00a0 \u00a0 \u00a0 \u00a0 \u00a0 \u00a0 \u00a0 \u00a0 \u00a0 \u00a0 \u00a0 \u00a0 \u00a0<\/b><\/center><\/p>\n<div>\n<p>&nbsp;<\/p>\n<ul>\n<li><b>Largura:<\/b> 195 cm<b><br \/>\n<\/b><\/li>\n<li><b>Altura<\/b> 106 cm<br \/>\n<b><\/b><\/li>\n<li><b>Profundidade<\/b> 82 cm<\/li>\n<li><strong>Peso:<\/strong> 102 Kg<\/li>\n<\/ul>\n<\/div>\n<p><b>Principais Caracter\u00edsticas<\/b><\/p>\n<ul>\n<li>Ber\u00e7o Certificado;<\/li>\n<li>100% MDF<\/li>\n<li>Pode se utilizar como: bicama, c\u00f4moda, trocador e gavet\u00e3o<\/li>\n<li>Padr\u00e3o Americano<\/li>\n<li>Cantos arredondados<\/li>\n<li>03 regulagens de altura do estrado<\/li>\n<li>Estrado em MDF<\/li>\n<li>Grade Fixa<\/li>\n<li>Pode ser montado com a c\u00f4moda dos dois lados<\/li>\n<li>Espa\u00e7amento da grade: 5,9 cm<\/li>\n<li>04 Rod\u00edzios na cama auxiliar<\/li>\n<li>04 P\u00e9s que acompanham para montagem da c\u00f4moda<\/li>\n<li>Puxadores embutidos<\/li>\n<li>Gaveta com corredi\u00e7a telesc\u00f3pica<\/li>\n<li>Porta vertical com amortecedor<\/li>\n<li>Acompanha suporte para mosquiteiro<\/li>\n<li>Acabamento UV (At\u00f3xico)<\/li>\n<li>Colch\u00e3o recomendado p\/ Cama: Cama Principal: 1,88 x 0,78 x espessura livre | Cama Auxiliar: 1,88 x 0,78 x<\/li>\n<li>0,12<\/li>\n<li>Colch\u00e3o recomendado p\/ o Ber\u00e7o: 130cm x 70cm x 120cm(Densidade: D18)<\/li>\n<li>Cores: Branco Brilho, Branco Fosco e Branco Fosco\/Mezzo Fosco<\/li>\n<\/ul>\n","protected":false},"excerpt":{"rendered":"<p>Olha que ber\u00e7o americano lindo e multifuncional preparamos para voc\u00ea! Ber\u00e7o Cama com C\u00f4moda Vit\u00f3ria, mam\u00e3e na hora de montar o quarto do beb\u00ea voc\u00ea tem mais essa linda op\u00e7\u00e3o, desenvolvido pela Reller \u00a0em 100% MDF o ber\u00e7o multifuncional apresenta qualidade, conforto e seguran\u00e7a do beb\u00ea confira!<\/p>\n","protected":false},"featured_media":7602,"comment_status":"open","ping_status":"closed","template":"","meta":[],"_links":{"self":[{"href":"https:\/\/ninarmoveis.com.br\/index.php?rest_route=\/wp\/v2\/product\/7591"}],"collection":[{"href":"https:\/\/ninarmoveis.com.br\/index.php?rest_route=\/wp\/v2\/product"}],"about":[{"href":"https:\/\/ninarmoveis.com.br\/index.php?rest_route=\/wp\/v2\/types\/product"}],"replies":[{"embeddable":true,"href":"https:\/\/ninarmoveis.com.br\/index.php?rest_route=%2Fwp%2Fv2%2Fcomments&post=7591"}],"wp:featuredmedia":[{"embeddable":true,"href":"https:\/\/ninarmoveis.com.br\/index.php?rest_route=\/wp\/v2\/media\/7602"}],"wp:attachment":[{"href":"https:\/\/ninarmoveis.com.br\/index.php?rest_route=%2Fwp%2Fv2%2Fmedia&parent=7591"}],"curies":[{"name":"wp","href":"https:\/\/api.w.org\/{rel}","templated":true}]}}