{"id":7703,"date":"2021-05-21T17:05:58","date_gmt":"2021-05-21T20:05:58","guid":{"rendered":"https:\/\/ninarmoveis.com.br\/?post_type=product&#038;p=7703"},"modified":"2021-10-21T16:13:05","modified_gmt":"2021-10-21T19:13:05","slug":"comoda-sapateira-flow-imaza","status":"publish","type":"product","link":"https:\/\/ninarmoveis.com.br\/?product=comoda-sapateira-flow-imaza","title":{"rendered":"Comoda Sapateira Flow Imaza"},"content":{"rendered":"<h4><strong> \u00a0 \u00a0 Dimens\u00f5es:<br \/>\n<b><\/b><\/strong><\/h4>\n<ul>\n<li>Largura: 135 cm<\/li>\n<li>Altura: 91 cm<\/li>\n<li>Profundidade: 52 cm<\/li>\n<li>Peso: 69,90 kg\n<p><b>Principais Caracter\u00edsticas<\/b><\/li>\n<li>Puxadores de cava<\/li>\n<li>Corredi\u00e7as telesc\u00f3picas<\/li>\n<li>Cantos e bordas arredondados<\/li>\n<li>P\u00e9s em madeira maci\u00e7a<\/li>\n<li>N\u00e3o arraste os m\u00f3veis sem rod\u00edzios e evite batida<\/li>\n<li>A limpeza deve ser realizada com pano limpo e macio<\/li>\n<li>Produto em MDF e madeira maci\u00e7a<\/li>\n<li>Cor: Wood<\/li>\n<\/ul>\n","protected":false},"excerpt":{"rendered":"<p>A c\u00f4moda sapateira Flow \u00e9 bem ampla, pode acomodar tudo isso e facilitar muito as trocas noturnas e diurnas de seu filho. As c\u00f4modas precisam ser bem firmes e serem de materiais resistentes, al\u00e9m de estarem em harmonia com o resto do quarto. As bordas s\u00e3o arredondadas para maior seguran\u00e7a e suavidade no acabamento do produto.<\/p>\n","protected":false},"featured_media":7706,"comment_status":"open","ping_status":"closed","template":"","meta":[],"_links":{"self":[{"href":"https:\/\/ninarmoveis.com.br\/index.php?rest_route=\/wp\/v2\/product\/7703"}],"collection":[{"href":"https:\/\/ninarmoveis.com.br\/index.php?rest_route=\/wp\/v2\/product"}],"about":[{"href":"https:\/\/ninarmoveis.com.br\/index.php?rest_route=\/wp\/v2\/types\/product"}],"replies":[{"embeddable":true,"href":"https:\/\/ninarmoveis.com.br\/index.php?rest_route=%2Fwp%2Fv2%2Fcomments&post=7703"}],"wp:featuredmedia":[{"embeddable":true,"href":"https:\/\/ninarmoveis.com.br\/index.php?rest_route=\/wp\/v2\/media\/7706"}],"wp:attachment":[{"href":"https:\/\/ninarmoveis.com.br\/index.php?rest_route=%2Fwp%2Fv2%2Fmedia&parent=7703"}],"curies":[{"name":"wp","href":"https:\/\/api.w.org\/{rel}","templated":true}]}}