{"id":7742,"date":"2021-07-08T17:09:07","date_gmt":"2021-07-08T20:09:07","guid":{"rendered":"https:\/\/ninarmoveis.com.br\/?post_type=product&#038;p=7742"},"modified":"2023-06-27T22:44:13","modified_gmt":"2023-06-28T01:44:13","slug":"beliche-montessoriana-casinha","status":"publish","type":"product","link":"https:\/\/ninarmoveis.com.br\/?product=beliche-montessoriana-casinha","title":{"rendered":"Beliche Montessoriana Casinha"},"content":{"rendered":"<p><strong>Cama Montessoriana Casinha<\/strong><\/p>\n<p><strong><br \/>\nDimens\u00f5es:<\/strong><\/p>\n<ul>\n<li>Altura: 212 cm<\/li>\n<li>Largura: 196 cm<\/li>\n<li>Profundidade: 102cm<\/li>\n<\/ul>\n<p><b>Caracter\u00edsticas:<\/b><\/p>\n<ul>\n<li>Padr\u00e3o Solteiro<\/li>\n<li>Estrutura: Madeira e MDF<\/li>\n<li>Acabamento: Acetinado<\/li>\n<li>Por ser um produto estrutura em madeira pode apresentar sinais de veio da madeira e pequenas imperfei\u00e7\u00f5es, devido \u00e0s caracter\u00edsticas naturais da mat\u00e9ria-prima<\/li>\n<li>Resist\u00eancia e durabilidade<\/li>\n<li>Suporta at\u00e9 120 kg sem impacto<\/li>\n<li>Utiliza colch\u00e3o de 188&#215;88 cm (Vendido separadamente)<\/li>\n<li>Cor: Branco com o Telhado em Madeira Tingida<\/li>\n<\/ul>\n","protected":false},"excerpt":{"rendered":"<p>A Beliche Montessoriana Casinha traz descontra\u00e7\u00e3o ao quarto da garotada. O m\u00f3vel perfeito para o quarto pequeno e ideal para 2 crian\u00e7as.<br \/>\n<b>M\u00e9todo Montessoriano<\/b><br \/>\nEsse \u00e9 um m\u00e9todo defendido por Maria Montessori que defendia que o aprendizado de toda crian\u00e7a, seja em qualquer campo, deve ser de forma livre e natural. O mundo das crian\u00e7as deve estar ao seu alcance. Sabemos que se ela puder contar com o meio adequado, pode desenvolver quase tudo de forma independente e livre. Por isso, usamos materiais espec\u00edficos, dimens\u00f5es ao seu alcance, para que a crian\u00e7a tenha a chance de perceber suas pr\u00f3prias descobertas, seus pr\u00f3prios acertos e erros. Com liberdade cada vez maior de escolha, e total liberdade para repetir quantas vezes quiser cada exerc\u00edcio, cada aprendizado, a crian\u00e7a auto educa-se constantemente e com sucesso.<\/p>\n","protected":false},"featured_media":7755,"comment_status":"open","ping_status":"closed","template":"","meta":[],"_links":{"self":[{"href":"https:\/\/ninarmoveis.com.br\/index.php?rest_route=\/wp\/v2\/product\/7742"}],"collection":[{"href":"https:\/\/ninarmoveis.com.br\/index.php?rest_route=\/wp\/v2\/product"}],"about":[{"href":"https:\/\/ninarmoveis.com.br\/index.php?rest_route=\/wp\/v2\/types\/product"}],"replies":[{"embeddable":true,"href":"https:\/\/ninarmoveis.com.br\/index.php?rest_route=%2Fwp%2Fv2%2Fcomments&post=7742"}],"wp:featuredmedia":[{"embeddable":true,"href":"https:\/\/ninarmoveis.com.br\/index.php?rest_route=\/wp\/v2\/media\/7755"}],"wp:attachment":[{"href":"https:\/\/ninarmoveis.com.br\/index.php?rest_route=%2Fwp%2Fv2%2Fmedia&parent=7742"}],"curies":[{"name":"wp","href":"https:\/\/api.w.org\/{rel}","templated":true}]}}