{"id":7759,"date":"2021-08-04T12:06:41","date_gmt":"2021-08-04T15:06:41","guid":{"rendered":"https:\/\/ninarmoveis.com.br\/?post_type=product&#038;p=7759"},"modified":"2022-03-05T16:00:59","modified_gmt":"2022-03-05T19:00:59","slug":"luminaria-abajur-safari-panda-menina-natural","status":"publish","type":"product","link":"https:\/\/ninarmoveis.com.br\/?product=luminaria-abajur-safari-panda-menina-natural","title":{"rendered":"Lumin\u00e1ria Abajur Safari Panda Menina Natural"},"content":{"rendered":"<p><strong>Lumin\u00e1ria Safari Panda Menina<\/strong><\/p>\n<p><strong>Dimens\u00f5es<\/strong><\/p>\n<ul>\n<li>Largura: 28 cm<\/li>\n<li>Altura: 26 cm<\/li>\n<li>Profundidade: 14 cm<\/li>\n<li>L\u00e2mpadas: Compactas fluorescentes at\u00e9 15W ou LED compat\u00edvel com abertura inferior da lumin\u00e1ria (l\u00e2mpadas n\u00e3o inclusas); (E-27)<\/li>\n<li>Material: Polietileno<\/li>\n<li>Tens\u00e3o: 110V\/220V<\/li>\n<li>Cabo de for\u00e7a: \u00a0Com interruptor medindo 1,8 m de comprimento<\/li>\n<li>Cuidados: Limpar com pano \u00famido e macio<\/li>\n<li>Teme produtos qu\u00edmicos e abrasivos<\/li>\n<li>L\u00e2mpada n\u00e3o inclusa.<\/li>\n<li>Cor: Natural<\/li>\n<\/ul>\n","protected":false},"excerpt":{"rendered":"<h3>LUMIN\u00c1RIA DE MESA OU PENDENTE &#8211; PANDA MENINA<\/h3>\n<p>A Lumin\u00e1ria de Mesa ou Pendente &#8211; Panda Menina \u00e9 perfeita para iluminar o quarto de beb\u00eas.<br \/>\nE fica uma fofura na c\u00f4moda ou na estante.<br \/>\nSuper dica de presente criativo para ch\u00e1 de beb\u00ea ou na visita ao rec\u00e9m nascido, que vai iluminar e encantar os dias e noites por muito tempo!<\/p>\n","protected":false},"featured_media":7761,"comment_status":"open","ping_status":"closed","template":"","meta":[],"_links":{"self":[{"href":"https:\/\/ninarmoveis.com.br\/index.php?rest_route=\/wp\/v2\/product\/7759"}],"collection":[{"href":"https:\/\/ninarmoveis.com.br\/index.php?rest_route=\/wp\/v2\/product"}],"about":[{"href":"https:\/\/ninarmoveis.com.br\/index.php?rest_route=\/wp\/v2\/types\/product"}],"replies":[{"embeddable":true,"href":"https:\/\/ninarmoveis.com.br\/index.php?rest_route=%2Fwp%2Fv2%2Fcomments&post=7759"}],"wp:featuredmedia":[{"embeddable":true,"href":"https:\/\/ninarmoveis.com.br\/index.php?rest_route=\/wp\/v2\/media\/7761"}],"wp:attachment":[{"href":"https:\/\/ninarmoveis.com.br\/index.php?rest_route=%2Fwp%2Fv2%2Fmedia&parent=7759"}],"curies":[{"name":"wp","href":"https:\/\/api.w.org\/{rel}","templated":true}]}}