{"id":7770,"date":"2021-08-04T16:19:33","date_gmt":"2021-08-04T19:19:33","guid":{"rendered":"https:\/\/ninarmoveis.com.br\/?post_type=product&#038;p=7770"},"modified":"2021-08-04T16:19:34","modified_gmt":"2021-08-04T19:19:34","slug":"luminaria-abajur-cavalinho-azul","status":"publish","type":"product","link":"https:\/\/ninarmoveis.com.br\/?product=luminaria-abajur-cavalinho-azul","title":{"rendered":"Lumin\u00e1ria Abajur Cavalinho Azul"},"content":{"rendered":"<p><strong>Lumin\u00e1ria Cavalinho Azul<\/strong><\/p>\n<ul>\n<li>Largura: 28 cm<\/li>\n<li>Altura: 27 cm<\/li>\n<li>Profundidade: 11,4 cm<\/li>\n<li>L\u00e2mpadas: Compactas fluorescentes at\u00e9 10W ou LED compat\u00edvel com abertura inferior da lumin\u00e1ria (l\u00e2mpadas n\u00e3o inclusas)<\/li>\n<li>Material: Polietileno<\/li>\n<li>Tens\u00e3o: 110V\/220V<\/li>\n<li>Cabo de for\u00e7a: \u00a0Com interruptor medindo 1,8 m de comprimento<\/li>\n<li>Cuidados: Limpar com pano \u00famido e macio<\/li>\n<li>Teme produtos qu\u00edmicos e abrasivos<\/li>\n<li>L\u00e2mpada n\u00e3o inclusa.<\/li>\n<li>Cor: Azul<\/li>\n<\/ul>\n","protected":false},"excerpt":{"rendered":"<h3>LUMIN\u00c1RIA DE MESA CAVALINHO<\/h3>\n<p>A Lumin\u00e1ria de Mesa Cavalinho\u00a0 \u00e9 perfeita para iluminar o quarto de beb\u00eas.<br \/>\nE fica uma fofura na c\u00f4moda ou na estante.<br \/>\nSuper dica de presente criativo para ch\u00e1 de beb\u00ea ou na visita ao rec\u00e9m nascido, que vai iluminar e encantar os dias e noites por muito tempo!<\/p>\n","protected":false},"featured_media":7771,"comment_status":"open","ping_status":"closed","template":"","meta":[],"_links":{"self":[{"href":"https:\/\/ninarmoveis.com.br\/index.php?rest_route=\/wp\/v2\/product\/7770"}],"collection":[{"href":"https:\/\/ninarmoveis.com.br\/index.php?rest_route=\/wp\/v2\/product"}],"about":[{"href":"https:\/\/ninarmoveis.com.br\/index.php?rest_route=\/wp\/v2\/types\/product"}],"replies":[{"embeddable":true,"href":"https:\/\/ninarmoveis.com.br\/index.php?rest_route=%2Fwp%2Fv2%2Fcomments&post=7770"}],"wp:featuredmedia":[{"embeddable":true,"href":"https:\/\/ninarmoveis.com.br\/index.php?rest_route=\/wp\/v2\/media\/7771"}],"wp:attachment":[{"href":"https:\/\/ninarmoveis.com.br\/index.php?rest_route=%2Fwp%2Fv2%2Fmedia&parent=7770"}],"curies":[{"name":"wp","href":"https:\/\/api.w.org\/{rel}","templated":true}]}}