{"id":7775,"date":"2021-08-04T17:06:55","date_gmt":"2021-08-04T20:06:55","guid":{"rendered":"https:\/\/ninarmoveis.com.br\/?post_type=product&#038;p=7775"},"modified":"2021-10-07T11:40:56","modified_gmt":"2021-10-07T14:40:56","slug":"berco-mini-cama-aurora-branco-wood","status":"publish","type":"product","link":"https:\/\/ninarmoveis.com.br\/?product=berco-mini-cama-aurora-branco-wood","title":{"rendered":"Ber\u00e7o mini cama Aurora Branco\/Wood"},"content":{"rendered":"<p><strong>Ber\u00e7o mini cama Aurora Branco\/Wood<\/p>\n<p>Dimens\u00f5es<br \/>\n<\/strong><\/p>\n<ul>\n<li>Largura: 136 cm<\/li>\n<li>Altura: 94 cm<\/li>\n<li>Profundidade: 75 cm<\/li>\n<li>Peso: 58 kg<br \/>\n<strong><\/p>\n<p>Caracter\u00edsticas<br \/>\n<\/strong><\/li>\n<li>Cantos e bordas arredondados<\/li>\n<li>Suporta at\u00e9 35 Kg<\/li>\n<li>Ideal para colch\u00e3o 130 x 70 x 12 cm<\/li>\n<li>Produto em MDF e madeira maci\u00e7a<\/li>\n<li>Cor: Branco\/Wood<\/li>\n<\/ul>\n","protected":false},"excerpt":{"rendered":"<p>Nossa Linha Aurora tem personalidade e estilo que se encaixam em qualquer quarto. Suas linhas arredondadas, combinadas com os detalhes nas grades e nos p\u00e9s, evidenciam a versatilidade dos m\u00f3veis.<br \/>\nO ber\u00e7o Aurora tem tr\u00eas posi\u00e7\u00f5es ajust\u00e1veis para o colch\u00e3o, e converte-se do ber\u00e7o para mini cama.<\/p>\n","protected":false},"featured_media":7776,"comment_status":"open","ping_status":"closed","template":"","meta":[],"_links":{"self":[{"href":"https:\/\/ninarmoveis.com.br\/index.php?rest_route=\/wp\/v2\/product\/7775"}],"collection":[{"href":"https:\/\/ninarmoveis.com.br\/index.php?rest_route=\/wp\/v2\/product"}],"about":[{"href":"https:\/\/ninarmoveis.com.br\/index.php?rest_route=\/wp\/v2\/types\/product"}],"replies":[{"embeddable":true,"href":"https:\/\/ninarmoveis.com.br\/index.php?rest_route=%2Fwp%2Fv2%2Fcomments&post=7775"}],"wp:featuredmedia":[{"embeddable":true,"href":"https:\/\/ninarmoveis.com.br\/index.php?rest_route=\/wp\/v2\/media\/7776"}],"wp:attachment":[{"href":"https:\/\/ninarmoveis.com.br\/index.php?rest_route=%2Fwp%2Fv2%2Fmedia&parent=7775"}],"curies":[{"name":"wp","href":"https:\/\/api.w.org\/{rel}","templated":true}]}}