{"id":7808,"date":"2021-12-09T11:19:39","date_gmt":"2021-12-09T14:19:39","guid":{"rendered":"https:\/\/ninarmoveis.com.br\/?post_type=product&#038;p=7808"},"modified":"2024-03-09T09:44:19","modified_gmt":"2024-03-09T12:44:19","slug":"berco-americano-madeira-evolutivo-mini-colchao-brinde-quater","status":"publish","type":"product","link":"https:\/\/ninarmoveis.com.br\/?product=berco-americano-madeira-evolutivo-mini-colchao-brinde-quater","title":{"rendered":"Ber\u00e7o Americano Madeira Evolutivo + Mini Colch\u00e3o Brinde &#8211; Quater"},"content":{"rendered":"<div class=\"product-description__item\">\n<p class=\"h3 product-description__title\">DESCRI\u00c7\u00c3O<\/p>\n<div class=\"content-editor\">\n<div>\n<div id=\"pastingspan1\">Multifuncional e elegante, nosso\u00a0<strong>Ber\u00e7o Americano Madeira\u00a0Evolutivo + Mini Colch\u00e3o Brinde <\/strong>acompanha o crescimento do beb\u00ea, pois se transforma em mini ber\u00e7o e mini cama. Confira todos os detalhes:<\/div>\n<div><\/div>\n<div>\n<div><\/div>\n<div>\n<div>\n<div>\n<div id=\"pastingspan1\">\u2022 Produzido em MDF de alta densidade<\/div>\n<div>\u2022 Com acabamento Laca<\/div>\n<div><\/div>\n<div id=\"pastingspan1\">\u2022 M\u00f3vel com padr\u00e3o americano<\/div>\n<div>\u2022 Com linhas curvas e grades arejadas<\/div>\n<div>\u2022 Possui rod\u00edzios em gel que facilitam a movimenta\u00e7\u00e3o<\/div>\n<div><\/div>\n<div><\/div>\n<div><\/div>\n<div>\n<div id=\"pastingspan1\">O\u00a0<strong>Colch\u00e3o para Mini Ber\u00e7o<\/strong>\u00a0\u00e9 feito com uma placa de espuma D18 de alta resist\u00eancia, 75g\/m\u00b2, possui revestimento superior e lateral com tecido plano 100% poli\u00e9ster que proporciona maior conforto na movimenta\u00e7\u00e3o. Parte inferior com revestimento pl\u00e1stico 100% polietileno e l\u00e2mina de espuma flex\u00edvel de poliuretano convencional com Densidade D18Kg\/m\u00b2 durante o sono.<\/div>\n<div>\u00c1rea plastificada em um dos lados para aumentar a resist\u00eancia \u00e0 l\u00edquidos e a durabilidade do colch\u00e3o.<\/div>\n<div><\/div>\n<\/div>\n<div><\/div>\n<div>\n<div><strong>Fabricado com todo o cuidado<\/strong><\/div>\n<div id=\"pastingspan1\">O produto chega at\u00e9 voc\u00ea embalado em caixas de papel\u00e3o, com mantas internas de prote\u00e7\u00e3o entre pe\u00e7as e revestidas externamente por cobertura de pl\u00e1stico termo contr\u00e1til.<\/div>\n<\/div>\n<\/div>\n<\/div>\n<\/div>\n<\/div>\n<\/div>\n<\/div>\n<\/div>\n<p>ESPECIFICA\u00c7\u00d5ES<\/p>\n<div class=\"product-description__item\">\n<div class=\"content-editor\">\n<div id=\"pastingspan1\">\n<div id=\"pastingspan1\">\n<div id=\"pastingspan1\"><strong>Ber\u00e7o:<\/strong><\/div>\n<div id=\"pastingspan1\">1,36cm larg. x 79,9cm alt. x 78,6cm prof.<\/div>\n<div><\/div>\n<div><\/div>\n<div>\n<div><strong>Altura das regulagens:<\/strong><\/div>\n<div>\n<div id=\"pastingspan1\">Regulagem 1: 31cm<\/div>\n<div id=\"pastingspan1\">Regulagem 2: 48cm<\/div>\n<\/div>\n<p>Regulagem 3: 66cm<\/p>\n<\/div>\n<div><\/div>\n<div><\/div>\n<div>\n<div><strong>Colch\u00e3o:<\/strong><\/div>\n<div id=\"pastingspan1\">Tamanho do Colch\u00e3o para Mini Ber\u00e7o (Brinde)<strong>:\u00a0<\/strong>70cm x 57cm<\/div>\n<div>\n<div id=\"pastingspan1\">Tamanho do Colch\u00e3o para Ber\u00e7o<strong>:\u00a0<\/strong>130cm x 70cm x 10cm<\/div>\n<div><\/div>\n<\/div>\n<\/div>\n<div id=\"pastingspan1\"><strong>Peso Suportado:<\/strong><\/div>\n<div id=\"pastingspan1\">70kg<\/div>\n<div id=\"pastingspan1\"><\/div>\n<div id=\"pastingspan1\"><strong>Prazo de G<\/strong><strong>arantia:<\/strong><\/div>\n<div id=\"pastingspan1\">03 meses<\/div>\n<div><\/div>\n<div><\/div>\n<div>\n<div>\n<div id=\"pastingspan1\">\n<div id=\"pastingspan1\"><strong>*Aten\u00e7\u00e3o:<\/strong>\u00a0Montagem do produto n\u00e3o inclusa.<\/div>\n<\/div>\n<\/div>\n<div><strong>**Imagem Ilustrativa:<\/strong>\u00a0Estampa e fornecedor de colch\u00e3o podem variar de acordo com a disponibilidade de estoque. O ber\u00e7o possui fura\u00e7\u00f5es para os parafusos e n\u00e3o acompanha tapa furos, obedecendo normas do INMETRO. (Certificado do Inmetro N\u00ba 6518\/2017).<\/div>\n<\/div>\n<\/div>\n<\/div>\n<\/div>\n<\/div>\n","protected":false},"excerpt":{"rendered":"<p>DESCRI\u00c7\u00c3O Multifuncional e elegante, nosso\u00a0Ber\u00e7o Americano Madeira\u00a0Evolutivo + Mini Colch\u00e3o Brinde acompanha o crescimento do beb\u00ea, pois se transforma em mini ber\u00e7o e mini cama. Confira todos os detalhes: \u2022 Produzido em MDF de alta densidade \u2022 Com acabamento Laca \u2022 M\u00f3vel com padr\u00e3o americano \u2022 Com linhas curvas e grades arejadas \u2022 Possui rod\u00edzios em gel que facilitam a movimenta\u00e7\u00e3o O\u00a0Colch\u00e3o para Mini Ber\u00e7o\u00a0\u00e9 feito com uma placa de espuma D18 de alta resist\u00eancia, 75g\/m\u00b2, possui revestimento superior e lateral com tecido plano&hellip;<\/p>\n","protected":false},"featured_media":7818,"comment_status":"open","ping_status":"closed","template":"","meta":[],"_links":{"self":[{"href":"https:\/\/ninarmoveis.com.br\/index.php?rest_route=\/wp\/v2\/product\/7808"}],"collection":[{"href":"https:\/\/ninarmoveis.com.br\/index.php?rest_route=\/wp\/v2\/product"}],"about":[{"href":"https:\/\/ninarmoveis.com.br\/index.php?rest_route=\/wp\/v2\/types\/product"}],"replies":[{"embeddable":true,"href":"https:\/\/ninarmoveis.com.br\/index.php?rest_route=%2Fwp%2Fv2%2Fcomments&post=7808"}],"wp:featuredmedia":[{"embeddable":true,"href":"https:\/\/ninarmoveis.com.br\/index.php?rest_route=\/wp\/v2\/media\/7818"}],"wp:attachment":[{"href":"https:\/\/ninarmoveis.com.br\/index.php?rest_route=%2Fwp%2Fv2%2Fmedia&parent=7808"}],"curies":[{"name":"wp","href":"https:\/\/api.w.org\/{rel}","templated":true}]}}