{"id":7849,"date":"2022-04-26T16:15:03","date_gmt":"2022-04-26T19:15:03","guid":{"rendered":"https:\/\/ninarmoveis.com.br\/?post_type=product&#038;p=7849"},"modified":"2022-04-26T16:15:04","modified_gmt":"2022-04-26T19:15:04","slug":"comoda-sapateira-evolutiva-com-base-quater","status":"publish","type":"product","link":"https:\/\/ninarmoveis.com.br\/?product=comoda-sapateira-evolutiva-com-base-quater","title":{"rendered":"C\u00f4moda Sapateira Evolutiva com Base &#8211; Quater"},"content":{"rendered":"<h4><strong>\u00a0 \u00a0 \u00a0 \u00a0 \u00a0 Dimens\u00f5es:<\/strong><\/h4>\n<ul>\n<li>Largura: 133 cm<\/li>\n<li>Altura: 89,4 cm<\/li>\n<li>Profundidade: 50,3 cm<\/li>\n<li>Peso: 65 kg<br \/>\n<b><b><\/p>\n<p>Principais Caracter\u00edsticas<\/p>\n<p><\/b><\/b><\/li>\n<li>\n<div>Corredi\u00e7as Telesc\u00f3picas<\/div>\n<\/li>\n<li>4 Gavetas<\/li>\n<li>\n<div>1 Porta<\/div>\n<\/li>\n<li>1 Cabideiro<\/li>\n<li>Cantos e bordas arredondados<\/li>\n<li>\n<div id=\"pastingspan1\">\u00a0Produzida em madeira maci\u00e7a<\/div>\n<\/li>\n<li>\n<div id=\"pastingspan1\"><\/div>\n<div>Puxadores horizontais amadeirados<\/div>\n<\/li>\n<li>\n<div><\/div>\n<div id=\"pastingspan1\">Este \u00e9 um m\u00f3vel Quater, sin\u00f4nimo de seguran\u00e7a e qualidade desde 1991<\/div>\n<\/li>\n<li>C\u00f4moda j\u00e1 com a base<\/li>\n<li>Garantia do fornecedor de 90 dias contra defeitos de fabrica\u00e7\u00e3o<\/li>\n<li>Cor: Branco\/Carvalho<\/li>\n<\/ul>\n","protected":false},"excerpt":{"rendered":"<p>A C\u00f4moda Sapateira Evolutiva com Base <strong>\u00a0<\/strong>tem um mood divertido e contempor\u00e2neo que vai te conquistar por completo. Seus cantos arredondados com inspira\u00e7\u00e3o retr\u00f4 fazem dessa pe\u00e7a uma linda solu\u00e7\u00e3o para o quarto de beb\u00ea ou infantil. Uma cria\u00e7\u00e3o vers\u00e1til, confort\u00e1vel ergonomicamente para a troca de fraldas, que vai acompanhar sua fam\u00edlia por gera\u00e7\u00f5es, pois pode ser usada em outros ambientes da casa.<\/p>\n","protected":false},"featured_media":7850,"comment_status":"open","ping_status":"closed","template":"","meta":[],"_links":{"self":[{"href":"https:\/\/ninarmoveis.com.br\/index.php?rest_route=\/wp\/v2\/product\/7849"}],"collection":[{"href":"https:\/\/ninarmoveis.com.br\/index.php?rest_route=\/wp\/v2\/product"}],"about":[{"href":"https:\/\/ninarmoveis.com.br\/index.php?rest_route=\/wp\/v2\/types\/product"}],"replies":[{"embeddable":true,"href":"https:\/\/ninarmoveis.com.br\/index.php?rest_route=%2Fwp%2Fv2%2Fcomments&post=7849"}],"wp:featuredmedia":[{"embeddable":true,"href":"https:\/\/ninarmoveis.com.br\/index.php?rest_route=\/wp\/v2\/media\/7850"}],"wp:attachment":[{"href":"https:\/\/ninarmoveis.com.br\/index.php?rest_route=%2Fwp%2Fv2%2Fmedia&parent=7849"}],"curies":[{"name":"wp","href":"https:\/\/api.w.org\/{rel}","templated":true}]}}