{"id":7856,"date":"2022-05-13T15:45:20","date_gmt":"2022-05-13T18:45:20","guid":{"rendered":"https:\/\/ninarmoveis.com.br\/?post_type=product&#038;p=7856"},"modified":"2023-05-04T07:49:02","modified_gmt":"2023-05-04T10:49:02","slug":"cama-com-escorregador-doce-casinha-disney-joy-pura-magia","status":"publish","type":"product","link":"https:\/\/ninarmoveis.com.br\/?product=cama-com-escorregador-doce-casinha-disney-joy-pura-magia","title":{"rendered":"Cama com Escorregador Doce Casinha Disney Joy &#8211; Pura Magia"},"content":{"rendered":"<ul>\n<li><b>Dimens\u00f5es<\/b><\/li>\n<li>Peso: 35,2 kg<\/li>\n<li>Altura: 99,2 cm<\/li>\n<li>Largura: 192 cm<\/li>\n<li>Profundidade: 93,2 cm<\/li>\n<\/ul>\n<ul>\n<li><b>Caracter\u00edsticas<\/b><\/li>\n<li>Branco<\/li>\n<li>Estrutura: MDF\/MDP<\/li>\n<li>\u00a0Acabamento: Pintura UV Acetinado<\/li>\n<li>\u00a01 Escorregador<\/li>\n<li>Prote\u00e7\u00e3o lateral<\/li>\n<li>Cantoneiras pl\u00e1sticas<\/li>\n<li>Cortina em tecido 100% Poli\u00e9ster<\/li>\n<li>Estrados refor\u00e7ados<\/li>\n<li>Escada e Escorregador podem ser montados dos dois lados<\/li>\n<li>Bordas curvas para maior seguran\u00e7a ao deslizar<\/li>\n<li>Trava de seguran\u00e7a<\/li>\n<li>Para colch\u00e3o 88&#215;188 cm (n\u00e3o incluso)<\/li>\n<li>Peso suportado do escorregador: 30 kg<\/li>\n<li>Peso suportado da cama: 90 kg<\/li>\n<li>Produto entregue desmontado<\/li>\n<li>Marca: Pura Magia<\/li>\n<li>Garantia de 3 meses para defeito de f\u00e1brica<\/li>\n<\/ul>\n<ul>\n<li><b>Outras Informa\u00e7\u00f5es<\/b><\/li>\n<li>\u00a0Montagem n\u00e3o inclusa<\/li>\n<li>Na limpeza n\u00e3o utilizar produtos qu\u00edmicos e abrasivos, usar apenas um pano umedecido, para garantir a maior durabilidade do m\u00f3vel.<\/li>\n<li>Os objetos que ambientam as fotos n\u00e3o acompanham o produto.<\/li>\n<li>\u00a0Imagens meramente ilustrativas. Cores e tonalidades podem variar.<\/li>\n<li>Antes de comprar o seu produto verifique as medidas, o local onde pretende instalar e se \u00e9 necess\u00e1rio contratar o servi\u00e7o de um profissional qualificado.<\/li>\n<\/ul>\n","protected":false},"excerpt":{"rendered":"<p>Com a cama doce casinha joy a sua filha ter\u00e1 o conforto que merece, alem de proporcionar a ela um quarto elegante e divertido, deixando suas noites ainda mais seguras.<\/p>\n","protected":false},"featured_media":7857,"comment_status":"open","ping_status":"closed","template":"","meta":[],"_links":{"self":[{"href":"https:\/\/ninarmoveis.com.br\/index.php?rest_route=\/wp\/v2\/product\/7856"}],"collection":[{"href":"https:\/\/ninarmoveis.com.br\/index.php?rest_route=\/wp\/v2\/product"}],"about":[{"href":"https:\/\/ninarmoveis.com.br\/index.php?rest_route=\/wp\/v2\/types\/product"}],"replies":[{"embeddable":true,"href":"https:\/\/ninarmoveis.com.br\/index.php?rest_route=%2Fwp%2Fv2%2Fcomments&post=7856"}],"wp:featuredmedia":[{"embeddable":true,"href":"https:\/\/ninarmoveis.com.br\/index.php?rest_route=\/wp\/v2\/media\/7857"}],"wp:attachment":[{"href":"https:\/\/ninarmoveis.com.br\/index.php?rest_route=%2Fwp%2Fv2%2Fmedia&parent=7856"}],"curies":[{"name":"wp","href":"https:\/\/api.w.org\/{rel}","templated":true}]}}